{"id":2037,"date":"2023-05-26T11:51:58","date_gmt":"2023-05-26T11:51:58","guid":{"rendered":"https:\/\/cavansi.com\/baeredygtig-kultur\/"},"modified":"2023-09-08T11:11:14","modified_gmt":"2023-09-08T11:11:14","slug":"baeredygtig-kultur","status":"publish","type":"page","link":"https:\/\/cavansi.com\/da\/baeredygtig-kultur\/","title":{"rendered":"B\u00e6redygtig kultur"},"content":{"rendered":"\t\t<div data-elementor-type=\"wp-page\" data-elementor-id=\"2037\" class=\"elementor elementor-2037 elementor-114\" data-elementor-post-type=\"page\">\n\t\t\t\t<div class=\"elementor-element elementor-element-8235848 e-flex e-con-boxed e-con e-parent\" data-id=\"8235848\" data-element_type=\"container\" data-e-type=\"container\" data-settings=\"{&quot;background_background&quot;:&quot;video&quot;,&quot;shape_divider_bottom&quot;:&quot;tilt&quot;,&quot;background_video_link&quot;:&quot;https:\\\/\\\/cavansi.com\\\/wp-content\\\/uploads\\\/2023\\\/07\\\/pexels-peter-fowler-6394054-2160p.mp4&quot;,&quot;background_play_on_mobile&quot;:&quot;yes&quot;}\">\n\t\t\t\t\t<div class=\"e-con-inner\">\n\t\t<div class=\"elementor-background-video-container\">\n\t\t\t\t\t\t\t<video class=\"elementor-background-video-hosted\" role=\"presentation\" autoplay muted playsinline loop><\/video>\n\t\t\t\t\t<\/div>\t\t<div class=\"elementor-shape elementor-shape-bottom\" aria-hidden=\"true\" data-negative=\"false\">\n\t\t\t<svg xmlns=\"http:\/\/www.w3.org\/2000\/svg\" viewBox=\"0 0 1000 100\" preserveAspectRatio=\"none\">\n\t<path class=\"elementor-shape-fill\" d=\"M0,6V0h1000v100L0,6z\"\/>\n<\/svg>\t\t<\/div>\n\t\t<div class=\"elementor-element elementor-element-b24b642 animated-fast e-con-full e-flex elementor-invisible e-con e-parent\" data-id=\"b24b642\" data-element_type=\"container\" data-e-type=\"container\" data-settings=\"{&quot;animation&quot;:&quot;fadeInLeft&quot;}\">\n\t\t\t\t<div class=\"elementor-element elementor-element-8f6a872 elementor-widget elementor-widget-text-editor\" data-id=\"8f6a872\" data-element_type=\"widget\" data-e-type=\"widget\" data-widget_type=\"text-editor.default\">\n\t\t\t\t<div class=\"elementor-widget-container\">\n\t\t\t\t\t\t\t\t\t<p>Vi\u00a0 hj\u00e6lper organisationer med at udvikle og forankre en b\u00e6redygtig kultur. Med vores ekspertise inden for b\u00e6redygtighed og organisationsudvikling br\u00e6nder vi for at skabe positive forandringer og fremme b\u00e6redygtig praksis blandt vores kunder.<\/p>\t\t\t\t\t\t\t\t<\/div>\n\t\t\t\t<\/div>\n\t\t\t\t<div class=\"elementor-element elementor-element-f3850fa elementor-mobile-align-center elementor-widget elementor-widget-button\" data-id=\"f3850fa\" data-element_type=\"widget\" data-e-type=\"widget\" data-settings=\"{&quot;_animation_mobile&quot;:&quot;fadeInUp&quot;}\" data-widget_type=\"button.default\">\n\t\t\t\t<div class=\"elementor-widget-container\">\n\t\t\t\t\t\t\t\t\t<div class=\"elementor-button-wrapper\">\n\t\t\t\t\t<a class=\"elementor-button elementor-button-link elementor-size-xs\" href=\"#next\">\n\t\t\t\t\t\t<span class=\"elementor-button-content-wrapper\">\n\t\t\t\t\t\t\t\t\t<span class=\"elementor-button-text\">Oplev vores b\u00e6redygtige kultur<\/span>\n\t\t\t\t\t<\/span>\n\t\t\t\t\t<\/a>\n\t\t\t\t<\/div>\n\t\t\t\t\t\t\t\t<\/div>\n\t\t\t\t<\/div>\n\t\t\t\t<\/div>\n\t\t<div class=\"elementor-element elementor-element-7beb100 elementor-hidden-mobile e-con-full e-flex e-con e-parent\" data-id=\"7beb100\" data-element_type=\"container\" data-e-type=\"container\">\n\t\t\t\t<\/div>\n\t\t\t\t\t<\/div>\n\t\t\t\t<\/div>\n\t\t<div class=\"elementor-element elementor-element-9a7f3c3 elementor-hidden-mobile e-flex e-con-boxed e-con e-parent\" data-id=\"9a7f3c3\" data-element_type=\"container\" data-e-type=\"container\">\n\t\t\t\t\t<div class=\"e-con-inner\">\n\t\t<div class=\"elementor-element elementor-element-cd1ced5 e-con-full e-flex e-con e-parent\" data-id=\"cd1ced5\" data-element_type=\"container\" data-e-type=\"container\">\n\t\t\t\t<div class=\"elementor-element elementor-element-d8be911 elementor-widget elementor-widget-ucaddon_animated_mouse_scroll_icon\" data-id=\"d8be911\" data-element_type=\"widget\" data-e-type=\"widget\" data-widget_type=\"ucaddon_animated_mouse_scroll_icon.default\">\n\t\t\t\t<div class=\"elementor-widget-container\">\n\t\t\t\t\t\n<!-- start Animated Mouse Scroll Icon -->\n<style>\/* widget: Animated Mouse Scroll Icon *\/\n\n.mousey {\n  border-style:solid;\n  box-sizing: border-box;\n  display:inline-block;\n  text-align:center;\n}\n.scroller {\n  border-radius: 50px;\n  animation-name: scroll;\n  animation-duration: 2.2s;\n  animation-timing-function: cubic-bezier(.15,.41,.69,.94);\n  animation-iteration-count: infinite;\n  display:inline-block;\n}\n@keyframes scroll {\n  0% { opacity: 0; }\n  10% { transform: translateY(0); opacity: 1; }\n  100% { transform: translateY(15px); opacity: 0;}\n}\n\n<\/style>\n\n<div class=\"scroll-downs\" style=\"text-align:center;\">\n  <a href=\"#next\" >\t\n  <div class=\"mousey\">\n    <div class=\"scroller\"><\/div>\n  <\/div>\n  <\/a>\t\n<\/div>\n<!-- end Animated Mouse Scroll Icon -->\t\t\t\t<\/div>\n\t\t\t\t<\/div>\n\t\t\t\t<\/div>\n\t\t\t\t\t<\/div>\n\t\t\t\t<\/div>\n\t\t<div class=\"elementor-element elementor-element-bb9cd69 e-flex e-con-boxed e-con e-parent\" data-id=\"bb9cd69\" data-element_type=\"container\" data-e-type=\"container\" data-settings=\"{&quot;background_background&quot;:&quot;gradient&quot;,&quot;shape_divider_bottom&quot;:&quot;tilt&quot;}\">\n\t\t\t\t\t<div class=\"e-con-inner\">\n\t\t\t\t<div class=\"elementor-shape elementor-shape-bottom\" aria-hidden=\"true\" data-negative=\"false\">\n\t\t\t<svg xmlns=\"http:\/\/www.w3.org\/2000\/svg\" viewBox=\"0 0 1000 100\" preserveAspectRatio=\"none\">\n\t<path class=\"elementor-shape-fill\" d=\"M0,6V0h1000v100L0,6z\"\/>\n<\/svg>\t\t<\/div>\n\t\t\t\t<div class=\"elementor-element elementor-element-46164da elementor-widget elementor-widget-spacer\" data-id=\"46164da\" data-element_type=\"widget\" data-e-type=\"widget\" data-widget_type=\"spacer.default\">\n\t\t\t\t<div class=\"elementor-widget-container\">\n\t\t\t\t\t\t\t<div class=\"elementor-spacer\">\n\t\t\t<div class=\"elementor-spacer-inner\"><\/div>\n\t\t<\/div>\n\t\t\t\t\t\t<\/div>\n\t\t\t\t<\/div>\n\t\t\t\t<div class=\"elementor-element elementor-element-67b5bb3 elementor-widget elementor-widget-heading\" data-id=\"67b5bb3\" data-element_type=\"widget\" data-e-type=\"widget\" data-widget_type=\"heading.default\">\n\t\t\t\t<div class=\"elementor-widget-container\">\n\t\t\t\t\t<h2 class=\"elementor-heading-title elementor-size-default\">Vi har fokus p\u00e5 b\u00e6redygtighed<\/h2>\t\t\t\t<\/div>\n\t\t\t\t<\/div>\n\t\t\t\t<div class=\"elementor-element elementor-element-6a47cc9 elementor-widget elementor-widget-spacer\" data-id=\"6a47cc9\" data-element_type=\"widget\" data-e-type=\"widget\" data-widget_type=\"spacer.default\">\n\t\t\t\t<div class=\"elementor-widget-container\">\n\t\t\t\t\t\t\t<div class=\"elementor-spacer\">\n\t\t\t<div class=\"elementor-spacer-inner\"><\/div>\n\t\t<\/div>\n\t\t\t\t\t\t<\/div>\n\t\t\t\t<\/div>\n\t\t<div class=\"elementor-element elementor-element-69f7acc e-con-full e-flex e-con e-parent\" data-id=\"69f7acc\" data-element_type=\"container\" data-e-type=\"container\">\n\t\t\t\t<div class=\"elementor-element elementor-element-1449042 elementor-widget elementor-widget-text-editor\" data-id=\"1449042\" data-element_type=\"widget\" data-e-type=\"widget\" data-widget_type=\"text-editor.default\">\n\t\t\t\t<div class=\"elementor-widget-container\">\n\t\t\t\t\t\t\t\t\t<p>Vi arbejder t\u00e6t sammen med jer om at identificere og implementere strategier, initiativer og v\u00e6rdier, der underst\u00f8tter en b\u00e6redygtig kultur i hele jeres organisation. Vi forst\u00e5r vigtigheden af at integrere b\u00e6redygtighed i alle aspekter af jeres virksomhed, herunder ledelse, medarbejderengagement, arbejdsprocesser og beslutningstagning.<\/p><p>Vores tilgang er en individuel proces som tilpasses jeres specifikke behov og m\u00e5l. Vi hj\u00e6lper med at definere klare m\u00e5l og m\u00e5lbare indikatorer for at evaluere jeres fremskridt mod en b\u00e6redygtig kultur. Gennem workshops, tr\u00e6ning og l\u00f8bende support engagerer vi dine medarbejdere og \u00f8ger deres forst\u00e5else og ansvarlighed i forhold til b\u00e6redygtig praksis.<\/p><p>Vores m\u00e5l er at skabe varige forandringer, hvor b\u00e6redygtighed bliver en integreret del af din virksomhedskultur. Vi hj\u00e6lper dig med at differentiere dig som en b\u00e6redygtig virksomhed og opn\u00e5 konkurrencem\u00e6ssige fordele, samtidig med at du bidrager positivt til samfundet og milj\u00f8et.<\/p><p>Lad os hj\u00e6lpe dig med at skabe en b\u00e6redygtig kultur, der vil v\u00e6re grundlaget for din langsigtede succes og v\u00e6kst.<\/p>\t\t\t\t\t\t\t\t<\/div>\n\t\t\t\t<\/div>\n\t\t\t\t<\/div>\n\t\t\t\t\t<\/div>\n\t\t\t\t<\/div>\n\t\t<div class=\"elementor-element elementor-element-155cd51 e-flex e-con-boxed e-con e-parent\" data-id=\"155cd51\" data-element_type=\"container\" data-e-type=\"container\" data-settings=\"{&quot;background_background&quot;:&quot;gradient&quot;}\">\n\t\t\t\t\t<div class=\"e-con-inner\">\n\t\t\t\t<div class=\"elementor-element elementor-element-2bb2c96 elementor-widget elementor-widget-spacer\" data-id=\"2bb2c96\" data-element_type=\"widget\" data-e-type=\"widget\" data-widget_type=\"spacer.default\">\n\t\t\t\t<div class=\"elementor-widget-container\">\n\t\t\t\t\t\t\t<div class=\"elementor-spacer\">\n\t\t\t<div class=\"elementor-spacer-inner\"><\/div>\n\t\t<\/div>\n\t\t\t\t\t\t<\/div>\n\t\t\t\t<\/div>\n\t\t\t\t<div class=\"elementor-element elementor-element-9d03174 elementor-widget elementor-widget-heading\" data-id=\"9d03174\" data-element_type=\"widget\" data-e-type=\"widget\" data-widget_type=\"heading.default\">\n\t\t\t\t<div class=\"elementor-widget-container\">\n\t\t\t\t\t<h2 class=\"elementor-heading-title elementor-size-default\">Skab en b\u00e6redygtig kultur i din organisation<\/h2>\t\t\t\t<\/div>\n\t\t\t\t<\/div>\n\t\t\t\t<div class=\"elementor-element elementor-element-65ba75a elementor-widget elementor-widget-spacer\" data-id=\"65ba75a\" data-element_type=\"widget\" data-e-type=\"widget\" data-widget_type=\"spacer.default\">\n\t\t\t\t<div class=\"elementor-widget-container\">\n\t\t\t\t\t\t\t<div class=\"elementor-spacer\">\n\t\t\t<div class=\"elementor-spacer-inner\"><\/div>\n\t\t<\/div>\n\t\t\t\t\t\t<\/div>\n\t\t\t\t<\/div>\n\t\t<div class=\"elementor-element elementor-element-2ec71da e-con-full e-flex e-con e-parent\" data-id=\"2ec71da\" data-element_type=\"container\" data-e-type=\"container\">\n\t\t\t\t<div class=\"elementor-element elementor-element-4cd2f20 elementor-widget elementor-widget-text-editor\" data-id=\"4cd2f20\" data-element_type=\"widget\" data-e-type=\"widget\" data-widget_type=\"text-editor.default\">\n\t\t\t\t<div class=\"elementor-widget-container\">\n\t\t\t\t\t\t\t\t\t<ul>\n<li>\n<p>Definer m\u00e5lbare m\u00e5l for b\u00e6redygtighed: <br>Vi vil arbejde t\u00e6t sammen med jer om at definere konkrete m\u00e5l, der er m\u00e5lbare og kan spores. Disse m\u00e5l kan omfatte reduktion af CO2-emissioner, implementering af genbrugs- og affaldsreduktionsprogrammer eller \u00f8get brug af vedvarende energikilder.<\/p>\n<\/li>\n<li>\n<p>Uddannelse og bevidstg\u00f8relse af medarbejderne: <br>Vi vil udvikle skr\u00e6ddersyede tr\u00e6ningsprogrammer og workshops, der \u00f8ger medarbejdernes bevidsthed om b\u00e6redygtighed og viser, hvordan de kan integrere b\u00e6redygtig praksis i deres daglige arbejde. Det vil bidrage til at skabe en st\u00e6rk b\u00e6redygtighedskultur fra bunden og sikre, at alle medarbejdere er engagerede i b\u00e6redygtige initiativer.<\/p>\n<\/li>\n<li>\n<p>Engager medarbejderne og integrer b\u00e6redygtighed i beslutningsprocesserne: <br>Vi hj\u00e6lper jer med at engagere medarbejdere p\u00e5 tv\u00e6rs af organisationen ved at etablere gr\u00f8nne teams eller initiativer, der tilskynder til deltagelse og id\u00e9udveksling. Derudover vil vi samarbejde med ledelsen om at integrere b\u00e6redygtighed i beslutningsprocessen og sikre, at b\u00e6redygtighedsaspekter tages i betragtning ved valg af strategier og handlinger.<\/p>\n<\/li>\n<li>\n<p>Etablere rapporteringsmekanismer for gennemsigtighed og ansvarlighed: <br>Vi sikrer en ops\u00e6tning af&nbsp; m\u00e5lbare indikatorer og rapporteringsmekanismer, der l\u00f8bende evaluerer jeres fremskridt mod b\u00e6redygtighedsm\u00e5lene. Det vil sikre gennemsigtighed og ansvarlighed b\u00e5de internt og eksternt, s\u00e5 I kan demonstrere jeres resultater inden for b\u00e6redygtighed.<\/p>\n<\/li>\n<\/ul>\t\t\t\t\t\t\t\t<\/div>\n\t\t\t\t<\/div>\n\t\t\t\t<\/div>\n\t\t\t\t\t<\/div>\n\t\t\t\t<\/div>\n\t\t\t\t<\/div>\n\t\t","protected":false},"excerpt":{"rendered":"<p>Vi\u00a0 hj\u00e6lper organisationer med at udvikle og forankre en b\u00e6redygtig kultur. Med vores ekspertise inden for b\u00e6redygtighed og organisationsudvikling br\u00e6nder vi for at skabe positive forandringer og fremme b\u00e6redygtig praksis blandt vores kunder. Oplev vores b\u00e6redygtige kultur Vi har fokus p\u00e5 b\u00e6redygtighed Vi arbejder t\u00e6t sammen med jer om at identificere og implementere strategier, initiativer [&hellip;]<\/p>\n","protected":false},"author":2,"featured_media":0,"parent":0,"menu_order":0,"comment_status":"closed","ping_status":"closed","template":"","meta":{"_acf_changed":false,"footnotes":""},"class_list":["post-2037","page","type-page","status-publish","hentry"],"acf":[],"_links":{"self":[{"href":"https:\/\/cavansi.com\/da\/wp-json\/wp\/v2\/pages\/2037","targetHints":{"allow":["GET"]}}],"collection":[{"href":"https:\/\/cavansi.com\/da\/wp-json\/wp\/v2\/pages"}],"about":[{"href":"https:\/\/cavansi.com\/da\/wp-json\/wp\/v2\/types\/page"}],"author":[{"embeddable":true,"href":"https:\/\/cavansi.com\/da\/wp-json\/wp\/v2\/users\/2"}],"replies":[{"embeddable":true,"href":"https:\/\/cavansi.com\/da\/wp-json\/wp\/v2\/comments?post=2037"}],"version-history":[{"count":4,"href":"https:\/\/cavansi.com\/da\/wp-json\/wp\/v2\/pages\/2037\/revisions"}],"predecessor-version":[{"id":2334,"href":"https:\/\/cavansi.com\/da\/wp-json\/wp\/v2\/pages\/2037\/revisions\/2334"}],"wp:attachment":[{"href":"https:\/\/cavansi.com\/da\/wp-json\/wp\/v2\/media?parent=2037"}],"curies":[{"name":"wp","href":"https:\/\/api.w.org\/{rel}","templated":true}]}}