{"id":2033,"date":"2023-05-27T12:43:22","date_gmt":"2023-05-27T12:43:22","guid":{"rendered":"https:\/\/cavansi.com\/privatlivspolitik\/"},"modified":"2023-09-12T06:47:46","modified_gmt":"2023-09-12T06:47:46","slug":"privatlivspolitik","status":"publish","type":"page","link":"https:\/\/cavansi.com\/da\/privatlivspolitik\/","title":{"rendered":"Privatlivspolitik"},"content":{"rendered":"\t\t<div data-elementor-type=\"wp-page\" data-elementor-id=\"2033\" class=\"elementor elementor-2033\" data-elementor-post-type=\"page\">\n\t\t\t\t<div class=\"elementor-element elementor-element-da0a4fb e-flex e-con-boxed e-con e-parent\" data-id=\"da0a4fb\" data-element_type=\"container\" data-e-type=\"container\" data-settings=\"{&quot;background_background&quot;:&quot;classic&quot;,&quot;shape_divider_top&quot;:&quot;tilt&quot;}\">\n\t\t\t\t\t<div class=\"e-con-inner\">\n\t\t\t\t<div class=\"elementor-shape elementor-shape-top\" aria-hidden=\"true\" data-negative=\"false\">\n\t\t\t<svg xmlns=\"http:\/\/www.w3.org\/2000\/svg\" viewBox=\"0 0 1000 100\" preserveAspectRatio=\"none\">\n\t<path class=\"elementor-shape-fill\" d=\"M0,6V0h1000v100L0,6z\"\/>\n<\/svg>\t\t<\/div>\n\t\t<div class=\"elementor-element elementor-element-b3af0e2 animated-fast e-con-full e-flex elementor-invisible e-con e-parent\" data-id=\"b3af0e2\" data-element_type=\"container\" data-e-type=\"container\" data-settings=\"{&quot;animation&quot;:&quot;fadeInLeft&quot;}\">\n\t\t\t\t<div class=\"elementor-element elementor-element-c64f015 elementor-widget elementor-widget-heading\" data-id=\"c64f015\" data-element_type=\"widget\" data-e-type=\"widget\" data-widget_type=\"heading.default\">\n\t\t\t\t<div class=\"elementor-widget-container\">\n\t\t\t\t\t<h1 class=\"elementor-heading-title elementor-size-default\">Privatlivspolitik<\/h1>\t\t\t\t<\/div>\n\t\t\t\t<\/div>\n\t\t\t\t<div class=\"elementor-element elementor-element-c558b76 elementor-widget elementor-widget-text-editor\" data-id=\"c558b76\" data-element_type=\"widget\" data-e-type=\"widget\" data-widget_type=\"text-editor.default\">\n\t\t\t\t<div class=\"elementor-widget-container\">\n\t\t\t\t\t\t\t\t\t<p>Privatlivspolitik for Cavansi ApS<\/p>\n<p>Dato for seneste opdatering: 30-05-2023<\/p>\n<p>Generel information<\/p>\n<p>Cavansi ApS (&#8220;vi&#8221;, &#8220;os&#8221;, &#8220;vores&#8221;) er forpligtet til at beskytte dine personlige oplysninger og overholde g\u00e6ldende databeskyttelseslove og -bestemmelser. Denne privatlivspolitik beskriver, hvordan vi indsamler, bruger og beskytter personlige oplysninger, som du deler med os, n\u00e5r du bruger vores tjenester og interagerer med os.<\/p>\n<p>Oplysninger, vi indsamler<\/p>\n<p>Vi indsamler personlige oplysninger, n\u00e5r du kontakter os via telefon, e-mail eller andre kommunikationskanaler. De personlige oplysninger, vi indsamler, kan omfatte dit navn, kontaktoplysninger, herunder telefonnummer og e-mailadresse, samt eventuelle yderligere oplysninger, du v\u00e6lger at dele med os.<\/p>\n<p>Form\u00e5l med behandling af personlige data<\/p>\n<p>Vi behandler dine personlige oplysninger med det form\u00e5l at levere de tjenester, du anmoder om, herunder at svare p\u00e5 dine foresp\u00f8rgsler og give dig relevante oplysninger. Vi kan ogs\u00e5 bruge dine oplysninger til at forbedre vores tjenester, udf\u00f8re intern analyse og rapportering og til markedsf\u00f8ringsform\u00e5l, hvis du har givet dit samtykke.<\/p>\n<p>Opbevaring og sikkerhed af personlige oplysninger<\/p>\n<p>Vi opbevarer dine personlige oplysninger i overensstemmelse med g\u00e6ldende lovgivning og kun s\u00e5 l\u00e6nge, det er n\u00f8dvendigt for at opfylde de form\u00e5l, som oplysningerne blev indsamlet til. Vi tr\u00e6ffer passende tekniske og organisatoriske foranstaltninger for at beskytte dine oplysninger mod uautoriseret adgang, tab, misbrug eller offentligg\u00f8relse.<\/p>\n<p>Videregivelse af personlige oplysninger<\/p>\n<p>Vi videregiver ikke dine personlige oplysninger til tredjeparter uden dit udtrykkelige samtykke, medmindre det kr\u00e6ves i henhold til g\u00e6ldende lovgivning eller i tilf\u00e6lde af en juridisk anmodning eller forpligtelse.<\/p>\n<p>Dine rettigheder<\/p>\n<p>Du har visse rettigheder vedr\u00f8rende dine personlige oplysninger, herunder retten til at f\u00e5 adgang til, rette eller slette oplysninger samt retten til at tr\u00e6kke dit samtykke tilbage. Hvis du \u00f8nsker at ud\u00f8ve dine rettigheder eller har sp\u00f8rgsm\u00e5l eller bekymringer vedr\u00f8rende vores behandling af dine personlige oplysninger, bedes du kontakte os ved hj\u00e6lp af nedenst\u00e5ende kontaktoplysninger.<\/p>\n<p>\u00c6ndringer i privatlivspolitikken<\/p>\n<p>Vi forbeholder os ret til at \u00e6ndre denne privatlivspolitik efter behov. Eventuelle \u00e6ndringer vil blive offentliggjort p\u00e5 vores hjemmeside, og vi opfordrer dig til regelm\u00e6ssigt at gennemg\u00e5 politikken for at holde dig opdateret om eventuelle \u00e6ndringer.<\/p>\n<p>Kontakt os<\/p>\n<p>Hvis du har sp\u00f8rgsm\u00e5l eller bekymringer vedr\u00f8rende vores privatlivspolitik eller vores behandling af dine personlige oplysninger, er du velkommen til at kontakte os ved hj\u00e6lp af f\u00f8lgende oplysninger:<\/p>\n<p>Cavansi ApS Telefon: +45 7070 7545 E-mail: <a href=\"mailto:info@cavansi.com\" target=\"_new\">info@cavansi.com<\/a><\/p>\n<p>Adresse: Elverh\u00f8jsvej 16, 4700 N\u00e6stved<\/p>\n<p>Vi bestr\u00e6ber os p\u00e5 at besvare dine foresp\u00f8rgsler s\u00e5 hurtigt som muligt og hj\u00e6lper gerne med eventuelle sp\u00f8rgsm\u00e5l eller bekymringer, du m\u00e5tte have vedr\u00f8rende beskyttelsen af dine personlige oplysninger.<\/p>\n<p>Tak for din tillid til os og for at v\u00e6lge Cavansi ApS som din forretningspartner.<\/p>\n\t\t\t\t\t\t\t\t<\/div>\n\t\t\t\t<\/div>\n\t\t\t\t<\/div>\n\t\t\t\t\t<\/div>\n\t\t\t\t<\/div>\n\t\t\t\t<\/div>\n\t\t","protected":false},"excerpt":{"rendered":"<p>Privatlivspolitik Privatlivspolitik for Cavansi ApS Dato for seneste opdatering: 30-05-2023 Generel information Cavansi ApS (&#8220;vi&#8221;, &#8220;os&#8221;, &#8220;vores&#8221;) er forpligtet til at beskytte dine personlige oplysninger og overholde g\u00e6ldende databeskyttelseslove og -bestemmelser. Denne privatlivspolitik beskriver, hvordan vi indsamler, bruger og beskytter personlige oplysninger, som du deler med os, n\u00e5r du bruger vores tjenester og interagerer med [&hellip;]<\/p>\n","protected":false},"author":2,"featured_media":0,"parent":0,"menu_order":0,"comment_status":"closed","ping_status":"closed","template":"","meta":{"_acf_changed":false,"footnotes":""},"class_list":["post-2033","page","type-page","status-publish","hentry"],"acf":[],"_links":{"self":[{"href":"https:\/\/cavansi.com\/da\/wp-json\/wp\/v2\/pages\/2033","targetHints":{"allow":["GET"]}}],"collection":[{"href":"https:\/\/cavansi.com\/da\/wp-json\/wp\/v2\/pages"}],"about":[{"href":"https:\/\/cavansi.com\/da\/wp-json\/wp\/v2\/types\/page"}],"author":[{"embeddable":true,"href":"https:\/\/cavansi.com\/da\/wp-json\/wp\/v2\/users\/2"}],"replies":[{"embeddable":true,"href":"https:\/\/cavansi.com\/da\/wp-json\/wp\/v2\/comments?post=2033"}],"version-history":[{"count":2,"href":"https:\/\/cavansi.com\/da\/wp-json\/wp\/v2\/pages\/2033\/revisions"}],"predecessor-version":[{"id":2505,"href":"https:\/\/cavansi.com\/da\/wp-json\/wp\/v2\/pages\/2033\/revisions\/2505"}],"wp:attachment":[{"href":"https:\/\/cavansi.com\/da\/wp-json\/wp\/v2\/media?parent=2033"}],"curies":[{"name":"wp","href":"https:\/\/api.w.org\/{rel}","templated":true}]}}