{"id":2031,"date":"2023-05-26T11:51:40","date_gmt":"2023-05-26T11:51:40","guid":{"rendered":"https:\/\/cavansi.com\/kom-i-kontakt-med-os\/"},"modified":"2024-04-02T10:41:31","modified_gmt":"2024-04-02T10:41:31","slug":"kom-i-kontakt-med-os","status":"publish","type":"page","link":"https:\/\/cavansi.com\/da\/kom-i-kontakt-med-os\/","title":{"rendered":"Kom i kontakt med os"},"content":{"rendered":"\t\t<div data-elementor-type=\"wp-page\" data-elementor-id=\"2031\" class=\"elementor elementor-2031\" data-elementor-post-type=\"page\">\n\t\t\t\t<div class=\"elementor-element elementor-element-503b8d8 e-flex e-con-boxed e-con e-parent\" data-id=\"503b8d8\" data-element_type=\"container\" data-e-type=\"container\" data-settings=\"{&quot;background_background&quot;:&quot;classic&quot;,&quot;shape_divider_bottom&quot;:&quot;tilt&quot;}\">\n\t\t\t\t\t<div class=\"e-con-inner\">\n\t\t\t\t<div class=\"elementor-shape elementor-shape-bottom\" aria-hidden=\"true\" data-negative=\"false\">\n\t\t\t<svg xmlns=\"http:\/\/www.w3.org\/2000\/svg\" viewBox=\"0 0 1000 100\" preserveAspectRatio=\"none\">\n\t<path class=\"elementor-shape-fill\" d=\"M0,6V0h1000v100L0,6z\"\/>\n<\/svg>\t\t<\/div>\n\t\t<div class=\"elementor-element elementor-element-375f319 animated-fast e-con-full e-flex elementor-invisible e-con e-child\" data-id=\"375f319\" data-element_type=\"container\" data-e-type=\"container\" data-settings=\"{&quot;animation&quot;:&quot;fadeInLeft&quot;}\">\n\t\t\t\t<div class=\"elementor-element elementor-element-cfe4955 elementor-widget elementor-widget-heading\" data-id=\"cfe4955\" data-element_type=\"widget\" data-e-type=\"widget\" data-widget_type=\"heading.default\">\n\t\t\t\t<div class=\"elementor-widget-container\">\n\t\t\t\t\t<h1 class=\"elementor-heading-title elementor-size-default\">Vi vil gerne h\u00f8re fra dig<\/h1>\t\t\t\t<\/div>\n\t\t\t\t<\/div>\n\t\t\t\t<div class=\"elementor-element elementor-element-f6e7e01 elementor-widget elementor-widget-text-editor\" data-id=\"f6e7e01\" data-element_type=\"widget\" data-e-type=\"widget\" data-widget_type=\"text-editor.default\">\n\t\t\t\t<div class=\"elementor-widget-container\">\n\t\t\t\t\t\t\t\t\t<p>Vi stiller os altid gerne til disposition for en dialog om, hvad vi kan g\u00f8re for jer og ikke mindst hvorfor.<\/p>\t\t\t\t\t\t\t\t<\/div>\n\t\t\t\t<\/div>\n\t\t\t\t<div class=\"elementor-element elementor-element-d5384bd elementor-mobile-align-center elementor-widget elementor-widget-button\" data-id=\"d5384bd\" data-element_type=\"widget\" data-e-type=\"widget\" data-settings=\"{&quot;_animation_mobile&quot;:&quot;fadeInUp&quot;}\" data-widget_type=\"button.default\">\n\t\t\t\t<div class=\"elementor-widget-container\">\n\t\t\t\t\t\t\t\t\t<div class=\"elementor-button-wrapper\">\n\t\t\t\t\t<a class=\"elementor-button elementor-button-link elementor-size-xs\" href=\"#form\">\n\t\t\t\t\t\t<span class=\"elementor-button-content-wrapper\">\n\t\t\t\t\t\t\t\t\t<span class=\"elementor-button-text\">Send os en e-mail<\/span>\n\t\t\t\t\t<\/span>\n\t\t\t\t\t<\/a>\n\t\t\t\t<\/div>\n\t\t\t\t\t\t\t\t<\/div>\n\t\t\t\t<\/div>\n\t\t\t\t<\/div>\n\t\t<div class=\"elementor-element elementor-element-1702ee6 elementor-hidden-mobile e-con-full e-flex e-con e-child\" data-id=\"1702ee6\" data-element_type=\"container\" data-e-type=\"container\">\n\t\t\t\t<\/div>\n\t\t\t\t\t<\/div>\n\t\t\t\t<\/div>\n\t\t<div class=\"elementor-element elementor-element-e0f6390 elementor-hidden-mobile e-flex e-con-boxed e-con e-parent\" data-id=\"e0f6390\" data-element_type=\"container\" data-e-type=\"container\">\n\t\t\t\t\t<div class=\"e-con-inner\">\n\t\t<div class=\"elementor-element elementor-element-6a0081f e-con-full e-flex e-con e-child\" data-id=\"6a0081f\" data-element_type=\"container\" data-e-type=\"container\">\n\t\t\t\t<div class=\"elementor-element elementor-element-04d7df1 elementor-widget elementor-widget-ucaddon_animated_mouse_scroll_icon\" data-id=\"04d7df1\" data-element_type=\"widget\" data-e-type=\"widget\" data-widget_type=\"ucaddon_animated_mouse_scroll_icon.default\">\n\t\t\t\t<div class=\"elementor-widget-container\">\n\t\t\t\t\t\n<!-- start Animated Mouse Scroll Icon -->\n<style>\/* widget: Animated Mouse Scroll Icon *\/\n\n.mousey {\n  border-style:solid;\n  box-sizing: border-box;\n  display:inline-block;\n  text-align:center;\n}\n.scroller {\n  border-radius: 50px;\n  animation-name: scroll;\n  animation-duration: 2.2s;\n  animation-timing-function: cubic-bezier(.15,.41,.69,.94);\n  animation-iteration-count: infinite;\n  display:inline-block;\n}\n@keyframes scroll {\n  0% { opacity: 0; }\n  10% { transform: translateY(0); opacity: 1; }\n  100% { transform: translateY(15px); opacity: 0;}\n}\n\n<\/style>\n\n<div class=\"scroll-downs\" style=\"text-align:center;\">\n  <a href=\"#next\" >\t\n  <div class=\"mousey\">\n    <div class=\"scroller\"><\/div>\n  <\/div>\n  <\/a>\t\n<\/div>\n<!-- end Animated Mouse Scroll Icon -->\t\t\t\t<\/div>\n\t\t\t\t<\/div>\n\t\t\t\t<\/div>\n\t\t\t\t\t<\/div>\n\t\t\t\t<\/div>\n\t\t<div class=\"elementor-element elementor-element-135ef70 e-flex e-con-boxed e-con e-parent\" data-id=\"135ef70\" data-element_type=\"container\" data-e-type=\"container\" id=\"next\" data-settings=\"{&quot;background_background&quot;:&quot;gradient&quot;}\">\n\t\t\t\t\t<div class=\"e-con-inner\">\n\t\t\t\t<div class=\"elementor-element elementor-element-9658562 elementor-widget elementor-widget-spacer\" data-id=\"9658562\" data-element_type=\"widget\" data-e-type=\"widget\" data-widget_type=\"spacer.default\">\n\t\t\t\t<div class=\"elementor-widget-container\">\n\t\t\t\t\t\t\t<div class=\"elementor-spacer\">\n\t\t\t<div class=\"elementor-spacer-inner\"><\/div>\n\t\t<\/div>\n\t\t\t\t\t\t<\/div>\n\t\t\t\t<\/div>\n\t\t\t\t<div class=\"elementor-element elementor-element-36748b6 elementor-widget elementor-widget-heading\" data-id=\"36748b6\" data-element_type=\"widget\" data-e-type=\"widget\" data-widget_type=\"heading.default\">\n\t\t\t\t<div class=\"elementor-widget-container\">\n\t\t\t\t\t<h3 class=\"elementor-heading-title elementor-size-default\">Kontakt os<\/h3>\t\t\t\t<\/div>\n\t\t\t\t<\/div>\n\t\t<div class=\"elementor-element elementor-element-6cb9b8d e-con-full e-flex e-con e-child\" data-id=\"6cb9b8d\" data-element_type=\"container\" data-e-type=\"container\" id=\"form\">\n\t\t\t\t<div class=\"elementor-element elementor-element-d4cd22e elementor-widget elementor-widget-text-editor\" data-id=\"d4cd22e\" data-element_type=\"widget\" data-e-type=\"widget\" data-widget_type=\"text-editor.default\">\n\t\t\t\t<div class=\"elementor-widget-container\">\n\t\t\t\t\t\t\t\t\t<p>Vi er glade for, at du \u00f8nsker at komme i kontakt med os. Vi s\u00e6tter stor pris p\u00e5 din interesse og ser frem til at h\u00f8re fra dig. Uanset om du har sp\u00f8rgsm\u00e5l, forslag, kritik eller komplimenter, er vi altid klar til at hj\u00e6lpe og lytte.<\/p><p>For at g\u00f8re det nemt for dig at kontakte os, har vi angivet forskellige kontaktmuligheder nedenfor:<\/p><p><span style=\"text-align: var(--text-align); background-color: transparent; color: var( --e-global-color-text );\">Du kan sende os en e-mail p\u00e5 <\/span><a style=\"text-align: var(--text-align);\" href=\"mailto:info@cavansi.com\" target=\"_new\">info@cavansi.com<\/a><span style=\"text-align: var(--text-align); background-color: transparent; color: var( --e-global-color-text );\">. Vores kundeserviceteam vil g\u00f8re deres bedste for at svare p\u00e5 din henvendelse s\u00e5 hurtigt som muligt, typisk inden for \u00e9n hverdag.<\/span><\/p><p><span style=\"text-align: var(--text-align); background-color: transparent; color: var( --e-global-color-text );\">For telefonisk kontakt, ring venligst til os p\u00e5 <\/span><a style=\"text-align: var(--text-align);\" href=\"tel:+4570707704\">+45 70 70 77 04<\/a><span style=\"text-align: var(--text-align); background-color: transparent; color: var( --e-global-color-text );\">.\u00a0<\/span><\/p><p>Vi ser frem til at h\u00f8re fra dig!<\/p>\t\t\t\t\t\t\t\t<\/div>\n\t\t\t\t<\/div>\n\t\t\t\t<div class=\"elementor-element elementor-element-2f54fe7 elementor-button-align-stretch elementor-widget elementor-widget-form\" data-id=\"2f54fe7\" data-element_type=\"widget\" data-e-type=\"widget\" data-settings=\"{&quot;step_next_label&quot;:&quot;N\\u00e6ste&quot;,&quot;step_previous_label&quot;:&quot;Tidligere&quot;,&quot;button_width&quot;:&quot;100&quot;,&quot;step_type&quot;:&quot;number_text&quot;,&quot;step_icon_shape&quot;:&quot;circle&quot;}\" data-widget_type=\"form.default\">\n\t\t\t\t<div class=\"elementor-widget-container\">\n\t\t\t\t\t\t\t<form class=\"elementor-form\" method=\"post\" name=\"Ny formular\" aria-label=\"Ny formular\">\n\t\t\t<input type=\"hidden\" name=\"post_id\" value=\"2031\"\/>\n\t\t\t<input type=\"hidden\" name=\"form_id\" value=\"2f54fe7\"\/>\n\t\t\t<input type=\"hidden\" name=\"referer_title\" value=\"Kom i kontakt med os\" \/>\n\n\t\t\t\t\t\t\t<input type=\"hidden\" name=\"queried_id\" value=\"2031\"\/>\n\t\t\t\n\t\t\t<div class=\"elementor-form-fields-wrapper elementor-labels-above\">\n\t\t\t\t\t\t\t\t<div class=\"elementor-field-type-text elementor-field-group elementor-column elementor-field-group-name elementor-col-100\">\n\t\t\t\t\t\t\t\t\t\t\t\t\t<input size=\"1\" type=\"text\" name=\"form_fields[name]\" id=\"form-field-name\" class=\"elementor-field elementor-size-sm  elementor-field-textual\" placeholder=\"Navn\">\n\t\t\t\t\t\t\t\t\t\t\t<\/div>\n\t\t\t\t\t\t\t\t<div class=\"elementor-field-type-email elementor-field-group elementor-column elementor-field-group-email elementor-col-100 elementor-field-required\">\n\t\t\t\t\t\t\t\t\t\t\t\t\t<input size=\"1\" type=\"email\" name=\"form_fields[email]\" id=\"form-field-email\" class=\"elementor-field elementor-size-sm  elementor-field-textual\" placeholder=\"E-mail\" required=\"required\">\n\t\t\t\t\t\t\t\t\t\t\t<\/div>\n\t\t\t\t\t\t\t\t<div class=\"elementor-field-type-textarea elementor-field-group elementor-column elementor-field-group-message elementor-col-100\">\n\t\t\t\t\t<textarea class=\"elementor-field-textual elementor-field  elementor-size-sm\" name=\"form_fields[message]\" id=\"form-field-message\" rows=\"4\" placeholder=\"Besked\"><\/textarea>\t\t\t\t<\/div>\n\t\t\t\t\t\t\t\t<div class=\"elementor-field-group elementor-column elementor-field-type-submit elementor-col-100 e-form__buttons\">\n\t\t\t\t\t<button class=\"elementor-button elementor-size-sm\" type=\"submit\">\n\t\t\t\t\t\t<span class=\"elementor-button-content-wrapper\">\n\t\t\t\t\t\t\t\t\t\t\t\t\t\t\t\t\t\t\t\t\t\t<span class=\"elementor-button-text\">Send<\/span>\n\t\t\t\t\t\t\t\t\t\t\t\t\t<\/span>\n\t\t\t\t\t<\/button>\n\t\t\t\t<\/div>\n\t\t\t<\/div>\n\t\t<\/form>\n\t\t\t\t\t\t<\/div>\n\t\t\t\t<\/div>\n\t\t\t\t<\/div>\n\t\t\t\t\t<\/div>\n\t\t\t\t<\/div>\n\t\t\t\t<\/div>\n\t\t","protected":false},"excerpt":{"rendered":"<p>Vi vil gerne h\u00f8re fra dig Vi stiller os altid gerne til disposition for en dialog om, hvad vi kan g\u00f8re for jer og ikke mindst hvorfor. Send os en e-mail Kontakt os Vi er glade for, at du \u00f8nsker at komme i kontakt med os. Vi s\u00e6tter stor pris p\u00e5 din interesse og ser [&hellip;]<\/p>\n","protected":false},"author":2,"featured_media":0,"parent":0,"menu_order":0,"comment_status":"closed","ping_status":"closed","template":"","meta":{"_acf_changed":false,"footnotes":""},"class_list":["post-2031","page","type-page","status-publish","hentry"],"acf":[],"_links":{"self":[{"href":"https:\/\/cavansi.com\/da\/wp-json\/wp\/v2\/pages\/2031","targetHints":{"allow":["GET"]}}],"collection":[{"href":"https:\/\/cavansi.com\/da\/wp-json\/wp\/v2\/pages"}],"about":[{"href":"https:\/\/cavansi.com\/da\/wp-json\/wp\/v2\/types\/page"}],"author":[{"embeddable":true,"href":"https:\/\/cavansi.com\/da\/wp-json\/wp\/v2\/users\/2"}],"replies":[{"embeddable":true,"href":"https:\/\/cavansi.com\/da\/wp-json\/wp\/v2\/comments?post=2031"}],"version-history":[{"count":11,"href":"https:\/\/cavansi.com\/da\/wp-json\/wp\/v2\/pages\/2031\/revisions"}],"predecessor-version":[{"id":2664,"href":"https:\/\/cavansi.com\/da\/wp-json\/wp\/v2\/pages\/2031\/revisions\/2664"}],"wp:attachment":[{"href":"https:\/\/cavansi.com\/da\/wp-json\/wp\/v2\/media?parent=2031"}],"curies":[{"name":"wp","href":"https:\/\/api.w.org\/{rel}","templated":true}]}}