{"id":2024,"date":"2023-05-27T12:43:34","date_gmt":"2023-05-27T12:43:34","guid":{"rendered":"https:\/\/cavansi.com\/cookie-politik\/"},"modified":"2023-09-12T07:35:30","modified_gmt":"2023-09-12T07:35:30","slug":"cookie-politik","status":"publish","type":"page","link":"https:\/\/cavansi.com\/da\/cookie-politik\/","title":{"rendered":"Cookie-politik"},"content":{"rendered":"\t\t<div data-elementor-type=\"wp-page\" data-elementor-id=\"2024\" class=\"elementor elementor-2024\" data-elementor-post-type=\"page\">\n\t\t\t\t<div class=\"elementor-element elementor-element-d131554 e-flex e-con-boxed e-con e-parent\" data-id=\"d131554\" data-element_type=\"container\" data-e-type=\"container\" data-settings=\"{&quot;background_background&quot;:&quot;classic&quot;,&quot;shape_divider_top&quot;:&quot;tilt&quot;}\">\n\t\t\t\t\t<div class=\"e-con-inner\">\n\t\t\t\t<div class=\"elementor-shape elementor-shape-top\" aria-hidden=\"true\" data-negative=\"false\">\n\t\t\t<svg xmlns=\"http:\/\/www.w3.org\/2000\/svg\" viewBox=\"0 0 1000 100\" preserveAspectRatio=\"none\">\n\t<path class=\"elementor-shape-fill\" d=\"M0,6V0h1000v100L0,6z\"\/>\n<\/svg>\t\t<\/div>\n\t\t<div class=\"elementor-element elementor-element-c0c1ab2 animated-fast e-con-full e-flex elementor-invisible e-con e-parent\" data-id=\"c0c1ab2\" data-element_type=\"container\" data-e-type=\"container\" data-settings=\"{&quot;animation&quot;:&quot;fadeInLeft&quot;}\">\n\t\t\t\t<div class=\"elementor-element elementor-element-249a426 elementor-widget elementor-widget-heading\" data-id=\"249a426\" data-element_type=\"widget\" data-e-type=\"widget\" data-widget_type=\"heading.default\">\n\t\t\t\t<div class=\"elementor-widget-container\">\n\t\t\t\t\t<h1 class=\"elementor-heading-title elementor-size-default\">Cookie-politik<\/h1>\t\t\t\t<\/div>\n\t\t\t\t<\/div>\n\t\t\t\t<div class=\"elementor-element elementor-element-4d7c935 elementor-widget elementor-widget-text-editor\" data-id=\"4d7c935\" data-element_type=\"widget\" data-e-type=\"widget\" data-widget_type=\"text-editor.default\">\n\t\t\t\t<div class=\"elementor-widget-container\">\n\t\t\t\t\t\t\t\t\t<p>Cookiepolitik for Cavansi ApS<\/p>\n<p>Dato for seneste opdatering: 30-05-2023<\/p>\n<p>Introduktion<\/p>\n<p>Denne cookiepolitik beskriver, hvordan Cavansi ApS (&#8220;vi&#8221;, &#8220;os&#8221;, &#8220;vores&#8221;) bruger cookies og lignende teknologier p\u00e5 vores hjemmeside. Ved at bruge vores hjemmeside accepterer du vores brug af cookies i overensstemmelse med denne politik.<\/p>\n<p>Hvad er cookies?<\/p>\n<p>Cookies er sm\u00e5 tekstfiler, der placeres p\u00e5 din enhed (computer, mobiltelefon eller tablet), n\u00e5r du bes\u00f8ger vores hjemmeside. Disse filer g\u00f8r det muligt for os at genkende din enhed og huske visse oplysninger om dine pr\u00e6ferencer eller tidligere handlinger.<\/p>\n<p>Typer af cookies, vi bruger<\/p>\n<p>Vi bruger f\u00f8lgende typer af cookies p\u00e5 vores hjemmeside:<\/p>\n<p>N\u00f8dvendige cookies: Disse cookies er afg\u00f8rende for at levere de tjenester, du anmoder om p\u00e5 vores hjemmeside, og for at sikre, at hjemmesiden fungerer korrekt.<\/p>\n<p>Pr\u00e6ference-cookies: Disse cookies husker dine pr\u00e6ferencer og valg p\u00e5 vores hjemmeside for at forbedre din brugeroplevelse og personligg\u00f8re indholdet, s\u00e5 det opfylder dine behov.<\/p>\n<p>Analytiske cookies: Disse cookies indsamler oplysninger om, hvordan bes\u00f8gende bruger vores hjemmeside, f.eks. hvilke sider de bes\u00f8ger mest, og om de oplever nogen fejl. Disse oplysninger hj\u00e6lper os med at forst\u00e5 og forbedre vores hjemmeside.<\/p>\n<p>Cookies til markedsf\u00f8ring: Disse cookies bruges til at levere m\u00e5lrettede reklamer, der er relevante for dig baseret p\u00e5 dine interesser og aktiviteter p\u00e5 vores hjemmeside.<\/p>\n<p>H\u00e5ndtering og afvisning af cookies<\/p>\n<p>Du kan til enhver tid administrere eller afvise brugen af cookies p\u00e5 vores hjemmeside ved at \u00e6ndre indstillingerne i din browser. Bem\u00e6rk venligst, at visse funktioner p\u00e5 vores hjemmeside muligvis ikke fungerer korrekt, hvis du deaktiverer visse cookies.<\/p>\n<p>Cookies fra tredjeparter<\/p>\n<p>Vi kan tillade visse tredjeparter, herunder vores partnere og serviceudbydere, at placere cookies p\u00e5 vores hjemmeside til de form\u00e5l, der er beskrevet i denne cookiepolitik. Disse tredjeparter har deres egne privatlivspolitikker og er ansvarlige for deres egne cookies.<\/p>\n<p>\u00c6ndringer i cookiepolitikken<\/p>\n<p>Vi forbeholder os ret til at \u00e6ndre denne cookiepolitik efter behov. Eventuelle \u00e6ndringer vil blive offentliggjort p\u00e5 vores hjemmeside, og vi opfordrer dig til regelm\u00e6ssigt at gennemg\u00e5 politikken for at holde dig informeret om eventuelle opdateringer.<\/p>\n<p>Kontakt os<\/p>\n<p>Hvis du har sp\u00f8rgsm\u00e5l eller bekymringer vedr\u00f8rende vores cookiepolitik eller vores brug af cookies, er du velkommen til at kontakte os ved hj\u00e6lp af f\u00f8lgende oplysninger:<\/p>\n<p>Cavansi ApS Telefon: +45 70707545 E-mail: <a href=\"mailto:info@cavansi.com\" target=\"_new\">info@cavansi.com<\/a><\/p>\n<p>Adresse: Elverh\u00f8jsvej 16, 4700 N\u00e6stved<\/p>\n<p>Vi bestr\u00e6ber os p\u00e5 at svare p\u00e5 dine henvendelser s\u00e5 hurtigt som muligt og hj\u00e6lper gerne med eventuelle sp\u00f8rgsm\u00e5l eller bekymringer, du m\u00e5tte have vedr\u00f8rende vores cookiepolitik eller vores brug af cookies.<\/p>\n<p>Tak for din tillid til os og for at v\u00e6lge Cavansi ApS som din forretningspartner.<\/p>\n\t\t\t\t\t\t\t\t<\/div>\n\t\t\t\t<\/div>\n\t\t\t\t<\/div>\n\t\t\t\t\t<\/div>\n\t\t\t\t<\/div>\n\t\t\t\t<\/div>\n\t\t","protected":false},"excerpt":{"rendered":"<p>Cookie-politik Cookiepolitik for Cavansi ApS Dato for seneste opdatering: 30-05-2023 Introduktion Denne cookiepolitik beskriver, hvordan Cavansi ApS (&#8220;vi&#8221;, &#8220;os&#8221;, &#8220;vores&#8221;) bruger cookies og lignende teknologier p\u00e5 vores hjemmeside. Ved at bruge vores hjemmeside accepterer du vores brug af cookies i overensstemmelse med denne politik. Hvad er cookies? Cookies er sm\u00e5 tekstfiler, der placeres p\u00e5 din [&hellip;]<\/p>\n","protected":false},"author":2,"featured_media":0,"parent":0,"menu_order":0,"comment_status":"closed","ping_status":"closed","template":"","meta":{"_acf_changed":false,"footnotes":""},"class_list":["post-2024","page","type-page","status-publish","hentry"],"acf":[],"_links":{"self":[{"href":"https:\/\/cavansi.com\/da\/wp-json\/wp\/v2\/pages\/2024","targetHints":{"allow":["GET"]}}],"collection":[{"href":"https:\/\/cavansi.com\/da\/wp-json\/wp\/v2\/pages"}],"about":[{"href":"https:\/\/cavansi.com\/da\/wp-json\/wp\/v2\/types\/page"}],"author":[{"embeddable":true,"href":"https:\/\/cavansi.com\/da\/wp-json\/wp\/v2\/users\/2"}],"replies":[{"embeddable":true,"href":"https:\/\/cavansi.com\/da\/wp-json\/wp\/v2\/comments?post=2024"}],"version-history":[{"count":3,"href":"https:\/\/cavansi.com\/da\/wp-json\/wp\/v2\/pages\/2024\/revisions"}],"predecessor-version":[{"id":2520,"href":"https:\/\/cavansi.com\/da\/wp-json\/wp\/v2\/pages\/2024\/revisions\/2520"}],"wp:attachment":[{"href":"https:\/\/cavansi.com\/da\/wp-json\/wp\/v2\/media?parent=2024"}],"curies":[{"name":"wp","href":"https:\/\/api.w.org\/{rel}","templated":true}]}}