{"id":2014,"date":"2023-05-26T11:51:33","date_gmt":"2023-05-26T11:51:33","guid":{"rendered":"https:\/\/cavansi.com\/ekstern-hr-partner\/"},"modified":"2023-09-12T06:42:16","modified_gmt":"2023-09-12T06:42:16","slug":"ekstern-hr-partner","status":"publish","type":"page","link":"https:\/\/cavansi.com\/da\/ekstern-hr-partner\/","title":{"rendered":"Ekstern HR-partner"},"content":{"rendered":"\t\t<div data-elementor-type=\"wp-page\" data-elementor-id=\"2014\" class=\"elementor elementor-2014\" data-elementor-post-type=\"page\">\n\t\t\t\t<div class=\"elementor-element elementor-element-fb983f4 e-flex e-con-boxed e-con e-parent\" data-id=\"fb983f4\" data-element_type=\"container\" data-e-type=\"container\" data-settings=\"{&quot;background_background&quot;:&quot;video&quot;,&quot;shape_divider_bottom&quot;:&quot;tilt&quot;,&quot;background_video_link&quot;:&quot;https:\\\/\\\/cavansi.com\\\/wp-content\\\/uploads\\\/2023\\\/07\\\/pexels_videos_1542008-1080p.mp4&quot;,&quot;background_play_on_mobile&quot;:&quot;yes&quot;}\">\n\t\t\t\t\t<div class=\"e-con-inner\">\n\t\t<div class=\"elementor-background-video-container\">\n\t\t\t\t\t\t\t<video class=\"elementor-background-video-hosted\" role=\"presentation\" autoplay muted playsinline loop><\/video>\n\t\t\t\t\t<\/div>\t\t<div class=\"elementor-shape elementor-shape-bottom\" aria-hidden=\"true\" data-negative=\"false\">\n\t\t\t<svg xmlns=\"http:\/\/www.w3.org\/2000\/svg\" viewBox=\"0 0 1000 100\" preserveAspectRatio=\"none\">\n\t<path class=\"elementor-shape-fill\" d=\"M0,6V0h1000v100L0,6z\"\/>\n<\/svg>\t\t<\/div>\n\t\t<div class=\"elementor-element elementor-element-113a970 animated-fast e-con-full e-flex elementor-invisible e-con e-parent\" data-id=\"113a970\" data-element_type=\"container\" data-e-type=\"container\" data-settings=\"{&quot;animation&quot;:&quot;fadeInLeft&quot;}\">\n\t\t\t\t<div class=\"elementor-element elementor-element-26ee4c9 elementor-widget elementor-widget-text-editor\" data-id=\"26ee4c9\" data-element_type=\"widget\" data-e-type=\"widget\" data-widget_type=\"text-editor.default\">\n\t\t\t\t<div class=\"elementor-widget-container\">\n\t\t\t\t\t\t\t\t\t<div class=\"group w-full text-gray-800 dark:text-gray-100 border-b border-black\/10 dark:border-gray-900\/50 bg-gray-50 dark:bg-[#444654]\"><div class=\"flex p-4 gap-4 text-base md:gap-6 md:max-w-2xl lg:max-w-[38rem] xl:max-w-3xl md:py-6 lg:px-0 m-auto\"><div class=\"relative flex w-[calc(100%-50px)] flex-col gap-1 md:gap-3 lg:w-[calc(100%-115px)]\"><div class=\"flex flex-grow flex-col gap-3\"><div class=\"min-h-[20px] flex items-start overflow-x-auto whitespace-pre-wrap break-words flex-col gap-4\"><div class=\"markdown prose w-full break-words dark:prose-invert light\"><p>Som ekstern HR-partner er vi specialiserede i at hj\u00e6lpe organisationer med at etablere og opretholde en st\u00e6rk og b\u00e6redygtig kultur. Vi er dedikerede til at levere ekspertise inden for ESG, virksomhedskultur og organisationsudvikling, s\u00e5 vores kunder kan opn\u00e5 positive forandringer og fremme virksomheders v\u00e6rdier i\u00a0 praksis.<\/p><\/div><\/div><\/div><\/div><\/div><\/div>\t\t\t\t\t\t\t\t<\/div>\n\t\t\t\t<\/div>\n\t\t\t\t<div class=\"elementor-element elementor-element-fdb9b54 elementor-mobile-align-center elementor-widget elementor-widget-button\" data-id=\"fdb9b54\" data-element_type=\"widget\" data-e-type=\"widget\" data-settings=\"{&quot;_animation_mobile&quot;:&quot;fadeInUp&quot;}\" data-widget_type=\"button.default\">\n\t\t\t\t<div class=\"elementor-widget-container\">\n\t\t\t\t\t\t\t\t\t<div class=\"elementor-button-wrapper\">\n\t\t\t\t\t<a class=\"elementor-button elementor-button-link elementor-size-xs\" href=\"#next\">\n\t\t\t\t\t\t<span class=\"elementor-button-content-wrapper\">\n\t\t\t\t\t\t\t\t\t<span class=\"elementor-button-text\">Din n\u00e6ste HR-afdeling<\/span>\n\t\t\t\t\t<\/span>\n\t\t\t\t\t<\/a>\n\t\t\t\t<\/div>\n\t\t\t\t\t\t\t\t<\/div>\n\t\t\t\t<\/div>\n\t\t\t\t<\/div>\n\t\t<div class=\"elementor-element elementor-element-c5dcc83 elementor-hidden-mobile e-con-full e-flex e-con e-parent\" data-id=\"c5dcc83\" data-element_type=\"container\" data-e-type=\"container\">\n\t\t\t\t<\/div>\n\t\t\t\t\t<\/div>\n\t\t\t\t<\/div>\n\t\t<div class=\"elementor-element elementor-element-caa38df elementor-hidden-mobile e-flex e-con-boxed e-con e-parent\" data-id=\"caa38df\" data-element_type=\"container\" data-e-type=\"container\">\n\t\t\t\t\t<div class=\"e-con-inner\">\n\t\t<div class=\"elementor-element elementor-element-94d9b95 e-con-full e-flex e-con e-parent\" data-id=\"94d9b95\" data-element_type=\"container\" data-e-type=\"container\">\n\t\t\t\t<div class=\"elementor-element elementor-element-399534c elementor-widget elementor-widget-ucaddon_animated_mouse_scroll_icon\" data-id=\"399534c\" data-element_type=\"widget\" data-e-type=\"widget\" data-widget_type=\"ucaddon_animated_mouse_scroll_icon.default\">\n\t\t\t\t<div class=\"elementor-widget-container\">\n\t\t\t\t\t\n<!-- start Animated Mouse Scroll Icon -->\n<style>\/* widget: Animated Mouse Scroll Icon *\/\n\n.mousey {\n  border-style:solid;\n  box-sizing: border-box;\n  display:inline-block;\n  text-align:center;\n}\n.scroller {\n  border-radius: 50px;\n  animation-name: scroll;\n  animation-duration: 2.2s;\n  animation-timing-function: cubic-bezier(.15,.41,.69,.94);\n  animation-iteration-count: infinite;\n  display:inline-block;\n}\n@keyframes scroll {\n  0% { opacity: 0; }\n  10% { transform: translateY(0); opacity: 1; }\n  100% { transform: translateY(15px); opacity: 0;}\n}\n\n<\/style>\n\n<div class=\"scroll-downs\" style=\"text-align:center;\">\n  <a href=\"#next\" >\t\n  <div class=\"mousey\">\n    <div class=\"scroller\"><\/div>\n  <\/div>\n  <\/a>\t\n<\/div>\n<!-- end Animated Mouse Scroll Icon -->\t\t\t\t<\/div>\n\t\t\t\t<\/div>\n\t\t\t\t<\/div>\n\t\t\t\t\t<\/div>\n\t\t\t\t<\/div>\n\t\t<div class=\"elementor-element elementor-element-2ddc4f3 e-flex e-con-boxed e-con e-parent\" data-id=\"2ddc4f3\" data-element_type=\"container\" data-e-type=\"container\" id=\"next\" data-settings=\"{&quot;background_background&quot;:&quot;gradient&quot;,&quot;shape_divider_bottom&quot;:&quot;tilt&quot;}\">\n\t\t\t\t\t<div class=\"e-con-inner\">\n\t\t\t\t<div class=\"elementor-shape elementor-shape-bottom\" aria-hidden=\"true\" data-negative=\"false\">\n\t\t\t<svg xmlns=\"http:\/\/www.w3.org\/2000\/svg\" viewBox=\"0 0 1000 100\" preserveAspectRatio=\"none\">\n\t<path class=\"elementor-shape-fill\" d=\"M0,6V0h1000v100L0,6z\"\/>\n<\/svg>\t\t<\/div>\n\t\t\t\t<div class=\"elementor-element elementor-element-a3717e0 elementor-widget elementor-widget-spacer\" data-id=\"a3717e0\" data-element_type=\"widget\" data-e-type=\"widget\" data-widget_type=\"spacer.default\">\n\t\t\t\t<div class=\"elementor-widget-container\">\n\t\t\t\t\t\t\t<div class=\"elementor-spacer\">\n\t\t\t<div class=\"elementor-spacer-inner\"><\/div>\n\t\t<\/div>\n\t\t\t\t\t\t<\/div>\n\t\t\t\t<\/div>\n\t\t\t\t<div class=\"elementor-element elementor-element-5ba9cba elementor-widget elementor-widget-heading\" data-id=\"5ba9cba\" data-element_type=\"widget\" data-e-type=\"widget\" data-widget_type=\"heading.default\">\n\t\t\t\t<div class=\"elementor-widget-container\">\n\t\t\t\t\t<h2 class=\"elementor-heading-title elementor-size-default\">Ekstern HR letter din arbejdsbyrde<\/h2>\t\t\t\t<\/div>\n\t\t\t\t<\/div>\n\t\t\t\t<div class=\"elementor-element elementor-element-2af5a5a elementor-widget elementor-widget-spacer\" data-id=\"2af5a5a\" data-element_type=\"widget\" data-e-type=\"widget\" data-widget_type=\"spacer.default\">\n\t\t\t\t<div class=\"elementor-widget-container\">\n\t\t\t\t\t\t\t<div class=\"elementor-spacer\">\n\t\t\t<div class=\"elementor-spacer-inner\"><\/div>\n\t\t<\/div>\n\t\t\t\t\t\t<\/div>\n\t\t\t\t<\/div>\n\t\t<div class=\"elementor-element elementor-element-e884593 e-con-full e-flex e-con e-parent\" data-id=\"e884593\" data-element_type=\"container\" data-e-type=\"container\">\n\t\t\t\t<div class=\"elementor-element elementor-element-c94e501 elementor-widget elementor-widget-text-editor\" data-id=\"c94e501\" data-element_type=\"widget\" data-e-type=\"widget\" data-widget_type=\"text-editor.default\">\n\t\t\t\t<div class=\"elementor-widget-container\">\n\t\t\t\t\t\t\t\t\t<p>Vores ekspertise som ekstern HR-partner er at hj\u00e6lpe dig med at opbygge og forankre ESG, v\u00e6rdier, personlig udvikling og en b\u00e6redygtig kultur i hele din organisation. Vi arbejder t\u00e6t sammen med dig om at identificere og implementere strategier, initiativer og v\u00e6rdier, der vil st\u00f8tte og fremme b\u00e6redygtighed p\u00e5 tv\u00e6rs af alle aspekter af din virksomhed.<\/p><p>Vores tilgang er altid skr\u00e6ddersyet til jeres specifikke behov og m\u00e5l. Vi hj\u00e6lper med at definere jeres pejlem\u00e6rker og i f\u00e6llesskab eksekvere p\u00e5 m\u00e5ls\u00e6tningen. Gennem workshops, tr\u00e6ning og l\u00f8bende support engagerer vi jeres medarbejdere og \u00f8ger deres forst\u00e5else og ansvarlighed i forhold til pejlem\u00e6rkerne i praksis.<\/p><p>Vores ultimative m\u00e5l er at skabe varige forandringer, hvor de definerede pejlem\u00e6rker bliver en integreret del af jeres virksomhedskultur. Ved eventuelt at implementere b\u00e6redygtighed som en kernev\u00e6rdi kan I opn\u00e5 konkurrencem\u00e6ssige fordele og styrke jeres langsigtede succes og v\u00e6kst.<\/p><p>Vi stiller os altid gerne til r\u00e5dighed for en dialog om netop jeres tanker, \u00f8nsker og behov.\u00a0<\/p>\t\t\t\t\t\t\t\t<\/div>\n\t\t\t\t<\/div>\n\t\t\t\t<\/div>\n\t\t\t\t\t<\/div>\n\t\t\t\t<\/div>\n\t\t<div class=\"elementor-element elementor-element-74f96e7 e-flex e-con-boxed e-con e-parent\" data-id=\"74f96e7\" data-element_type=\"container\" data-e-type=\"container\" data-settings=\"{&quot;background_background&quot;:&quot;gradient&quot;}\">\n\t\t\t\t\t<div class=\"e-con-inner\">\n\t\t\t\t<div class=\"elementor-element elementor-element-e89c5e3 elementor-widget elementor-widget-spacer\" data-id=\"e89c5e3\" data-element_type=\"widget\" data-e-type=\"widget\" data-widget_type=\"spacer.default\">\n\t\t\t\t<div class=\"elementor-widget-container\">\n\t\t\t\t\t\t\t<div class=\"elementor-spacer\">\n\t\t\t<div class=\"elementor-spacer-inner\"><\/div>\n\t\t<\/div>\n\t\t\t\t\t\t<\/div>\n\t\t\t\t<\/div>\n\t\t\t\t<div class=\"elementor-element elementor-element-5f07778 elementor-widget elementor-widget-heading\" data-id=\"5f07778\" data-element_type=\"widget\" data-e-type=\"widget\" data-widget_type=\"heading.default\">\n\t\t\t\t<div class=\"elementor-widget-container\">\n\t\t\t\t\t<h2 class=\"elementor-heading-title elementor-size-default\">Kom nemt i gang med En Ekstern HR L\u00f8sning<\/h2>\t\t\t\t<\/div>\n\t\t\t\t<\/div>\n\t\t\t\t<div class=\"elementor-element elementor-element-253feb2 elementor-widget elementor-widget-spacer\" data-id=\"253feb2\" data-element_type=\"widget\" data-e-type=\"widget\" data-widget_type=\"spacer.default\">\n\t\t\t\t<div class=\"elementor-widget-container\">\n\t\t\t\t\t\t\t<div class=\"elementor-spacer\">\n\t\t\t<div class=\"elementor-spacer-inner\"><\/div>\n\t\t<\/div>\n\t\t\t\t\t\t<\/div>\n\t\t\t\t<\/div>\n\t\t<div class=\"elementor-element elementor-element-81f9e1f e-con-full e-flex e-con e-parent\" data-id=\"81f9e1f\" data-element_type=\"container\" data-e-type=\"container\">\n\t\t\t\t<div class=\"elementor-element elementor-element-46aa19c elementor-widget elementor-widget-text-editor\" data-id=\"46aa19c\" data-element_type=\"widget\" data-e-type=\"widget\" data-widget_type=\"text-editor.default\">\n\t\t\t\t<div class=\"elementor-widget-container\">\n\t\t\t\t\t\t\t\t\t<ul>\n<li>\n<p>Strategisk r\u00e5dgivning:&nbsp;<br><span style=\"background-color: transparent; text-align: var(--text-align); color: var( --e-global-color-text );\">Vi arbejder t\u00e6t sammen med dig om at definere og implementere strategier, initiativer og v\u00e6rdier, der underst\u00f8tter en b\u00e6redygtig kultur i hele organisationen. Vi hj\u00e6lper med at etablere forbindelsen mellem b\u00e6redygtigheden og HR-strategi, hvilket muligg\u00f8r effektiv integration i alle HR-processer.<\/span><\/p>\n<\/li>\n<li>\n<p>Rekruttering og talentudvikling: <br>Vi hj\u00e6lper med at tiltr\u00e6kke, identificere og udvikle talenter, der stemmer overens med jeres v\u00e6rdier. Vi kan hj\u00e6lpe med at udvikle rekrutteringsstrategier, der fokuserer p\u00e5 at tiltr\u00e6kke kandidater med en st\u00e6rk profil. Derudover tilbyder vi uddannelses- og udviklingsprogrammer, der \u00f8ger medarbejdernes forst\u00e5else og engagement i praksis.<\/p>\n<\/li>\n<li>\n<p>Uddannelse og bevidsthed: <br>Vi tilbyder tr\u00e6ningsprogrammer og workshops, der \u00f8ger medarbejdernes bevidsthed og vigtigheden af deres rolle i opbygningen og opn\u00e5else af m\u00e5ls\u00e6tninger og en st\u00e6rk virksomhedskultur. Vi hj\u00e6lper med at skabe en kultur, hvor medarbejderne er engagerede og motiverede til at implementere m\u00e5ls\u00e6tningerne og skabe b\u00e6redygtighed i deres daglige arbejde.<\/p>\n<\/li>\n<li>\n<p>Udvikling og implementering af politikker: <br>Vi hj\u00e6lper jer med at udvikle politikker og retningslinjer, der er skr\u00e6ddersyet til jeres organisation og branchens krav. Vi hj\u00e6lper med at implementere disse politikker og sikrer, at de bliver en integreret del af dine HR-processer, herunder ans\u00e6ttelse, uddannelse, evaluering og bel\u00f8nningssystemer.<\/p>\n<\/li>\n<li>\n<p>M\u00e5ling og rapportering: <br>Vi hj\u00e6lper med at etablere m\u00e5lbare indikatorer og rapporteringsmekanismer, der evaluerer jeres fremskridt mod jeres m\u00e5l. Vi sikrer, at I har de n\u00f8dvendige data og analyser til at demonstrere jeres pr\u00e6stationer og kommunikere dem til interessenter internt og eksternt.<\/p>\n<\/li>\n<\/ul>\t\t\t\t\t\t\t\t<\/div>\n\t\t\t\t<\/div>\n\t\t\t\t<\/div>\n\t\t\t\t\t<\/div>\n\t\t\t\t<\/div>\n\t\t\t\t<\/div>\n\t\t","protected":false},"excerpt":{"rendered":"<p>Som ekstern HR-partner er vi specialiserede i at hj\u00e6lpe organisationer med at etablere og opretholde en st\u00e6rk og b\u00e6redygtig kultur. Vi er dedikerede til at levere ekspertise inden for ESG, virksomhedskultur og organisationsudvikling, s\u00e5 vores kunder kan opn\u00e5 positive forandringer og fremme virksomheders v\u00e6rdier i\u00a0 praksis. Din n\u00e6ste HR-afdeling Ekstern HR letter din arbejdsbyrde Vores [&hellip;]<\/p>\n","protected":false},"author":2,"featured_media":0,"parent":0,"menu_order":0,"comment_status":"closed","ping_status":"closed","template":"","meta":{"_acf_changed":false,"footnotes":""},"class_list":["post-2014","page","type-page","status-publish","hentry"],"acf":[],"_links":{"self":[{"href":"https:\/\/cavansi.com\/da\/wp-json\/wp\/v2\/pages\/2014","targetHints":{"allow":["GET"]}}],"collection":[{"href":"https:\/\/cavansi.com\/da\/wp-json\/wp\/v2\/pages"}],"about":[{"href":"https:\/\/cavansi.com\/da\/wp-json\/wp\/v2\/types\/page"}],"author":[{"embeddable":true,"href":"https:\/\/cavansi.com\/da\/wp-json\/wp\/v2\/users\/2"}],"replies":[{"embeddable":true,"href":"https:\/\/cavansi.com\/da\/wp-json\/wp\/v2\/comments?post=2014"}],"version-history":[{"count":22,"href":"https:\/\/cavansi.com\/da\/wp-json\/wp\/v2\/pages\/2014\/revisions"}],"predecessor-version":[{"id":2477,"href":"https:\/\/cavansi.com\/da\/wp-json\/wp\/v2\/pages\/2014\/revisions\/2477"}],"wp:attachment":[{"href":"https:\/\/cavansi.com\/da\/wp-json\/wp\/v2\/media?parent=2014"}],"curies":[{"name":"wp","href":"https:\/\/api.w.org\/{rel}","templated":true}]}}