{"id":2008,"date":"2023-05-26T11:51:10","date_gmt":"2023-05-26T11:51:10","guid":{"rendered":"https:\/\/cavansi.com\/onboarding\/"},"modified":"2023-09-12T06:46:19","modified_gmt":"2023-09-12T06:46:19","slug":"onboarding","status":"publish","type":"page","link":"https:\/\/cavansi.com\/da\/onboarding\/","title":{"rendered":"Onboarding"},"content":{"rendered":"\t\t<div data-elementor-type=\"wp-page\" data-elementor-id=\"2008\" class=\"elementor elementor-2008\" data-elementor-post-type=\"page\">\n\t\t\t\t<div class=\"elementor-element elementor-element-9a9fc7d e-flex e-con-boxed e-con e-parent\" data-id=\"9a9fc7d\" data-element_type=\"container\" data-e-type=\"container\" data-settings=\"{&quot;background_background&quot;:&quot;video&quot;,&quot;shape_divider_bottom&quot;:&quot;tilt&quot;,&quot;background_video_link&quot;:&quot;https:\\\/\\\/cavansi.com\\\/wp-content\\\/uploads\\\/2023\\\/07\\\/production_id_4174024-1080p.mp4&quot;,&quot;background_play_on_mobile&quot;:&quot;yes&quot;}\">\n\t\t\t\t\t<div class=\"e-con-inner\">\n\t\t<div class=\"elementor-background-video-container\">\n\t\t\t\t\t\t\t<video class=\"elementor-background-video-hosted\" role=\"presentation\" autoplay muted playsinline loop><\/video>\n\t\t\t\t\t<\/div>\t\t<div class=\"elementor-shape elementor-shape-bottom\" aria-hidden=\"true\" data-negative=\"false\">\n\t\t\t<svg xmlns=\"http:\/\/www.w3.org\/2000\/svg\" viewBox=\"0 0 1000 100\" preserveAspectRatio=\"none\">\n\t<path class=\"elementor-shape-fill\" d=\"M0,6V0h1000v100L0,6z\"\/>\n<\/svg>\t\t<\/div>\n\t\t<div class=\"elementor-element elementor-element-7f9d45b animated-fast e-con-full e-flex elementor-invisible e-con e-parent\" data-id=\"7f9d45b\" data-element_type=\"container\" data-e-type=\"container\" data-settings=\"{&quot;animation&quot;:&quot;fadeInLeft&quot;}\">\n\t\t\t\t<div class=\"elementor-element elementor-element-4e93032 elementor-widget elementor-widget-text-editor\" data-id=\"4e93032\" data-element_type=\"widget\" data-e-type=\"widget\" data-widget_type=\"text-editor.default\">\n\t\t\t\t<div class=\"elementor-widget-container\">\n\t\t\t\t\t\t\t\t\t<p style=\"font-weight: 400;\">Vores mange \u00e5rs erfaring inden for HR, g\u00f8r at vi kender til vigtigheden af at sikre, nye medarbejder bliver fortrolige med jeres ESG og virksomhedskultur i almindelighed. Gennem vores onbording-service, som er designet med fokus p\u00e5 en nem, effektiv og str\u00f8mlinet opstart, sikrer vi, at nye medarbejdere integreres i jeres virksomhed p\u00e5 bedst mulig m\u00e5de.<\/p>\t\t\t\t\t\t\t\t<\/div>\n\t\t\t\t<\/div>\n\t\t\t\t<div class=\"elementor-element elementor-element-7d7c192 elementor-mobile-align-center elementor-widget elementor-widget-button\" data-id=\"7d7c192\" data-element_type=\"widget\" data-e-type=\"widget\" data-settings=\"{&quot;_animation_mobile&quot;:&quot;fadeInUp&quot;}\" data-widget_type=\"button.default\">\n\t\t\t\t<div class=\"elementor-widget-container\">\n\t\t\t\t\t\t\t\t\t<div class=\"elementor-button-wrapper\">\n\t\t\t\t\t<a class=\"elementor-button elementor-button-link elementor-size-xs\" href=\"#next\">\n\t\t\t\t\t\t<span class=\"elementor-button-content-wrapper\">\n\t\t\t\t\t\t\t\t\t<span class=\"elementor-button-text\">Oplev vores onboarding-proces<\/span>\n\t\t\t\t\t<\/span>\n\t\t\t\t\t<\/a>\n\t\t\t\t<\/div>\n\t\t\t\t\t\t\t\t<\/div>\n\t\t\t\t<\/div>\n\t\t\t\t<\/div>\n\t\t<div class=\"elementor-element elementor-element-e0b4ffa elementor-hidden-mobile e-con-full e-flex e-con e-parent\" data-id=\"e0b4ffa\" data-element_type=\"container\" data-e-type=\"container\">\n\t\t\t\t<\/div>\n\t\t\t\t\t<\/div>\n\t\t\t\t<\/div>\n\t\t<div class=\"elementor-element elementor-element-a0c6b0c elementor-hidden-mobile e-flex e-con-boxed e-con e-parent\" data-id=\"a0c6b0c\" data-element_type=\"container\" data-e-type=\"container\">\n\t\t\t\t\t<div class=\"e-con-inner\">\n\t\t<div class=\"elementor-element elementor-element-88be4e1 e-con-full e-flex e-con e-parent\" data-id=\"88be4e1\" data-element_type=\"container\" data-e-type=\"container\">\n\t\t\t\t<div class=\"elementor-element elementor-element-b41e413 elementor-widget elementor-widget-ucaddon_animated_mouse_scroll_icon\" data-id=\"b41e413\" data-element_type=\"widget\" data-e-type=\"widget\" data-widget_type=\"ucaddon_animated_mouse_scroll_icon.default\">\n\t\t\t\t<div class=\"elementor-widget-container\">\n\t\t\t\t\t\n<!-- start Animated Mouse Scroll Icon -->\n<style>\/* widget: Animated Mouse Scroll Icon *\/\n\n.mousey {\n  border-style:solid;\n  box-sizing: border-box;\n  display:inline-block;\n  text-align:center;\n}\n.scroller {\n  border-radius: 50px;\n  animation-name: scroll;\n  animation-duration: 2.2s;\n  animation-timing-function: cubic-bezier(.15,.41,.69,.94);\n  animation-iteration-count: infinite;\n  display:inline-block;\n}\n@keyframes scroll {\n  0% { opacity: 0; }\n  10% { transform: translateY(0); opacity: 1; }\n  100% { transform: translateY(15px); opacity: 0;}\n}\n\n<\/style>\n\n<div class=\"scroll-downs\" style=\"text-align:center;\">\n  <a href=\"#next\" >\t\n  <div class=\"mousey\">\n    <div class=\"scroller\"><\/div>\n  <\/div>\n  <\/a>\t\n<\/div>\n<!-- end Animated Mouse Scroll Icon -->\t\t\t\t<\/div>\n\t\t\t\t<\/div>\n\t\t\t\t<\/div>\n\t\t\t\t\t<\/div>\n\t\t\t\t<\/div>\n\t\t<div class=\"elementor-element elementor-element-470927b e-flex e-con-boxed e-con e-parent\" data-id=\"470927b\" data-element_type=\"container\" data-e-type=\"container\" id=\"next\" data-settings=\"{&quot;background_background&quot;:&quot;gradient&quot;,&quot;shape_divider_bottom&quot;:&quot;tilt&quot;}\">\n\t\t\t\t\t<div class=\"e-con-inner\">\n\t\t\t\t<div class=\"elementor-shape elementor-shape-bottom\" aria-hidden=\"true\" data-negative=\"false\">\n\t\t\t<svg xmlns=\"http:\/\/www.w3.org\/2000\/svg\" viewBox=\"0 0 1000 100\" preserveAspectRatio=\"none\">\n\t<path class=\"elementor-shape-fill\" d=\"M0,6V0h1000v100L0,6z\"\/>\n<\/svg>\t\t<\/div>\n\t\t\t\t<div class=\"elementor-element elementor-element-ba0699a elementor-widget elementor-widget-spacer\" data-id=\"ba0699a\" data-element_type=\"widget\" data-e-type=\"widget\" data-widget_type=\"spacer.default\">\n\t\t\t\t<div class=\"elementor-widget-container\">\n\t\t\t\t\t\t\t<div class=\"elementor-spacer\">\n\t\t\t<div class=\"elementor-spacer-inner\"><\/div>\n\t\t<\/div>\n\t\t\t\t\t\t<\/div>\n\t\t\t\t<\/div>\n\t\t\t\t<div class=\"elementor-element elementor-element-16ae1fd elementor-widget elementor-widget-heading\" data-id=\"16ae1fd\" data-element_type=\"widget\" data-e-type=\"widget\" data-widget_type=\"heading.default\">\n\t\t\t\t<div class=\"elementor-widget-container\">\n\t\t\t\t\t<h2 class=\"elementor-heading-title elementor-size-default\">Onboarding af nye medarbejdere<\/h2>\t\t\t\t<\/div>\n\t\t\t\t<\/div>\n\t\t\t\t<div class=\"elementor-element elementor-element-b560c63 elementor-widget elementor-widget-spacer\" data-id=\"b560c63\" data-element_type=\"widget\" data-e-type=\"widget\" data-widget_type=\"spacer.default\">\n\t\t\t\t<div class=\"elementor-widget-container\">\n\t\t\t\t\t\t\t<div class=\"elementor-spacer\">\n\t\t\t<div class=\"elementor-spacer-inner\"><\/div>\n\t\t<\/div>\n\t\t\t\t\t\t<\/div>\n\t\t\t\t<\/div>\n\t\t<div class=\"elementor-element elementor-element-b018922 e-con-full e-flex e-con e-parent\" data-id=\"b018922\" data-element_type=\"container\" data-e-type=\"container\">\n\t\t\t\t<div class=\"elementor-element elementor-element-ece3e9d elementor-widget elementor-widget-text-editor\" data-id=\"ece3e9d\" data-element_type=\"widget\" data-e-type=\"widget\" data-widget_type=\"text-editor.default\">\n\t\t\t\t<div class=\"elementor-widget-container\">\n\t\t\t\t\t\t\t\t\t<p><strong>Velkomstprogram:<\/strong><\/p><p>Et struktureret velkomstprogram hj\u00e6lper nye medarbejdere med at f\u00e5 kendskab til virksomhedens ESG, kultur, politikker og forventninger. Dette kan omfatte introduktion til kolleger, tr\u00e6ning i systemer og processer samt en grundig gennemgang af deres rolle og ansvar.<\/p><p><strong>Mentorskab:<\/strong><\/p><p>At tildele en erfaren medarbejder som mentor til den nye medarbejder kan v\u00e6re en v\u00e6rdifuld ressource. Mentoren kan tilbyde st\u00f8tte, vejledning og hj\u00e6lpe med at lette integrationen i virksomheden.<\/p><p><strong>Feedback og opf\u00f8lgning:<\/strong><\/p><p>L\u00f8bende feedback og opf\u00f8lgning er afg\u00f8rende for at sikre, at den nye medarbejder trives og har de n\u00f8dvendige ressourcer til at udf\u00f8re sit job. Regelm\u00e6ssige samtaler og evalueringer b\u00f8r finde sted i l\u00f8bet af onboarding-processen.<\/p>\t\t\t\t\t\t\t\t<\/div>\n\t\t\t\t<\/div>\n\t\t\t\t<\/div>\n\t\t\t\t\t<\/div>\n\t\t\t\t<\/div>\n\t\t<div class=\"elementor-element elementor-element-5431c89 e-flex e-con-boxed e-con e-parent\" data-id=\"5431c89\" data-element_type=\"container\" data-e-type=\"container\" data-settings=\"{&quot;background_background&quot;:&quot;gradient&quot;}\">\n\t\t\t\t\t<div class=\"e-con-inner\">\n\t\t\t\t<div class=\"elementor-element elementor-element-150c916 elementor-widget elementor-widget-spacer\" data-id=\"150c916\" data-element_type=\"widget\" data-e-type=\"widget\" data-widget_type=\"spacer.default\">\n\t\t\t\t<div class=\"elementor-widget-container\">\n\t\t\t\t\t\t\t<div class=\"elementor-spacer\">\n\t\t\t<div class=\"elementor-spacer-inner\"><\/div>\n\t\t<\/div>\n\t\t\t\t\t\t<\/div>\n\t\t\t\t<\/div>\n\t\t\t\t<div class=\"elementor-element elementor-element-994d95b elementor-widget elementor-widget-heading\" data-id=\"994d95b\" data-element_type=\"widget\" data-e-type=\"widget\" data-widget_type=\"heading.default\">\n\t\t\t\t<div class=\"elementor-widget-container\">\n\t\t\t\t\t<h2 class=\"elementor-heading-title elementor-size-default\">S\u00e5dan kan vi styre onboarding-processen<\/h2>\t\t\t\t<\/div>\n\t\t\t\t<\/div>\n\t\t\t\t<div class=\"elementor-element elementor-element-0fd7830 elementor-widget elementor-widget-spacer\" data-id=\"0fd7830\" data-element_type=\"widget\" data-e-type=\"widget\" data-widget_type=\"spacer.default\">\n\t\t\t\t<div class=\"elementor-widget-container\">\n\t\t\t\t\t\t\t<div class=\"elementor-spacer\">\n\t\t\t<div class=\"elementor-spacer-inner\"><\/div>\n\t\t<\/div>\n\t\t\t\t\t\t<\/div>\n\t\t\t\t<\/div>\n\t\t<div class=\"elementor-element elementor-element-fb8abed e-con-full e-flex e-con e-parent\" data-id=\"fb8abed\" data-element_type=\"container\" data-e-type=\"container\">\n\t\t\t\t<div class=\"elementor-element elementor-element-280241b elementor-widget elementor-widget-text-editor\" data-id=\"280241b\" data-element_type=\"widget\" data-e-type=\"widget\" data-widget_type=\"text-editor.default\">\n\t\t\t\t<div class=\"elementor-widget-container\">\n\t\t\t\t\t\t\t\t\t<ul>\n<li>Udarbejde et str\u00f8mlinet onboarding-materiale: <br>Vi hj\u00e6lper jer med at opdatere eller udarbejde&nbsp; jeres onboarding-materiale, s\u00e5 det tydeligt kommunikerer virksomhedens ESG, v\u00e6rdier i almindelighed og m\u00e5l. Det vil sikre, at nye medarbejdere er opm\u00e6rksomme p\u00e5 jeres engagement fra begyndelsen.<br><br><\/li>\n<li>Skr\u00e6ddersyet tr\u00e6ning til nye medarbejdere: <br>Vi hj\u00e6lper med at opdatere eller udvikle m\u00e5lrettede tr\u00e6ningsprogrammer og workshops, der introducerer nye medarbejdere til jeres v\u00e6rdier, m\u00e5l og vigtigheden af deres rolle.&nbsp;<br><br><\/li>\n<li>Fremme dialog og sp\u00f8rgsm\u00e5l: <br>Vi vil opfordre nye medarbejdere til at stille sp\u00f8rgsm\u00e5l og indg\u00e5 i dialog. Det skaber en \u00e5ben og engageret kultur, hvor medarbejderne kan udtrykke deres interesser og bidrage til jeres v\u00e6rdier.<br><br><\/li>\n<li>Tilvejebringelse af mentorer og ressourcer: <br>Vi kan facilitere mentorskaber mellem erfarne medarbejdere og nyansatte for at st\u00f8tte deres integration. Derudover vil vi give adgang til relevante ressourcer og v\u00e6rkt\u00f8jer, der kan hj\u00e6lpe med at opbygge viden og f\u00e6rdigheder i processen.<br><\/li>\n<li style=\"list-style-type: none;\">&nbsp;<\/li>\n<\/ul>\t\t\t\t\t\t\t\t<\/div>\n\t\t\t\t<\/div>\n\t\t\t\t<\/div>\n\t\t\t\t\t<\/div>\n\t\t\t\t<\/div>\n\t\t\t\t<\/div>\n\t\t","protected":false},"excerpt":{"rendered":"<p>Vores mange \u00e5rs erfaring inden for HR, g\u00f8r at vi kender til vigtigheden af at sikre, nye medarbejder bliver fortrolige med jeres ESG og virksomhedskultur i almindelighed. Gennem vores onbording-service, som er designet med fokus p\u00e5 en nem, effektiv og str\u00f8mlinet opstart, sikrer vi, at nye medarbejdere integreres i jeres virksomhed p\u00e5 bedst mulig m\u00e5de. [&hellip;]<\/p>\n","protected":false},"author":2,"featured_media":0,"parent":0,"menu_order":0,"comment_status":"closed","ping_status":"closed","template":"","meta":{"_acf_changed":false,"footnotes":""},"class_list":["post-2008","page","type-page","status-publish","hentry"],"acf":[],"_links":{"self":[{"href":"https:\/\/cavansi.com\/da\/wp-json\/wp\/v2\/pages\/2008","targetHints":{"allow":["GET"]}}],"collection":[{"href":"https:\/\/cavansi.com\/da\/wp-json\/wp\/v2\/pages"}],"about":[{"href":"https:\/\/cavansi.com\/da\/wp-json\/wp\/v2\/types\/page"}],"author":[{"embeddable":true,"href":"https:\/\/cavansi.com\/da\/wp-json\/wp\/v2\/users\/2"}],"replies":[{"embeddable":true,"href":"https:\/\/cavansi.com\/da\/wp-json\/wp\/v2\/comments?post=2008"}],"version-history":[{"count":20,"href":"https:\/\/cavansi.com\/da\/wp-json\/wp\/v2\/pages\/2008\/revisions"}],"predecessor-version":[{"id":2497,"href":"https:\/\/cavansi.com\/da\/wp-json\/wp\/v2\/pages\/2008\/revisions\/2497"}],"wp:attachment":[{"href":"https:\/\/cavansi.com\/da\/wp-json\/wp\/v2\/media?parent=2008"}],"curies":[{"name":"wp","href":"https:\/\/api.w.org\/{rel}","templated":true}]}}