{"id":2005,"date":"2023-05-19T19:35:05","date_gmt":"2023-05-19T19:35:05","guid":{"rendered":"https:\/\/cavansi.com\/rekruttering\/"},"modified":"2023-09-12T06:48:35","modified_gmt":"2023-09-12T06:48:35","slug":"rekruttering","status":"publish","type":"page","link":"https:\/\/cavansi.com\/da\/rekruttering\/","title":{"rendered":"Rekruttering"},"content":{"rendered":"\t\t<div data-elementor-type=\"wp-page\" data-elementor-id=\"2005\" class=\"elementor elementor-2005\" data-elementor-post-type=\"page\">\n\t\t\t\t<div class=\"elementor-element elementor-element-8abf052 e-flex e-con-boxed e-con e-parent\" data-id=\"8abf052\" data-element_type=\"container\" data-e-type=\"container\" data-settings=\"{&quot;background_background&quot;:&quot;video&quot;,&quot;shape_divider_bottom&quot;:&quot;tilt&quot;,&quot;background_video_link&quot;:&quot;https:\\\/\\\/cavansi.com\\\/wp-content\\\/uploads\\\/2023\\\/07\\\/production_id_4763826-2160p.mp4&quot;,&quot;background_play_on_mobile&quot;:&quot;yes&quot;}\">\n\t\t\t\t\t<div class=\"e-con-inner\">\n\t\t<div class=\"elementor-background-video-container\">\n\t\t\t\t\t\t\t<video class=\"elementor-background-video-hosted\" role=\"presentation\" autoplay muted playsinline loop><\/video>\n\t\t\t\t\t<\/div>\t\t<div class=\"elementor-shape elementor-shape-bottom\" aria-hidden=\"true\" data-negative=\"false\">\n\t\t\t<svg xmlns=\"http:\/\/www.w3.org\/2000\/svg\" viewBox=\"0 0 1000 100\" preserveAspectRatio=\"none\">\n\t<path class=\"elementor-shape-fill\" d=\"M0,6V0h1000v100L0,6z\"\/>\n<\/svg>\t\t<\/div>\n\t\t<div class=\"elementor-element elementor-element-25141a6 animated-fast e-con-full e-flex elementor-invisible e-con e-parent\" data-id=\"25141a6\" data-element_type=\"container\" data-e-type=\"container\" data-settings=\"{&quot;animation&quot;:&quot;fadeInLeft&quot;}\">\n\t\t\t\t<div class=\"elementor-element elementor-element-35b0874 elementor-widget elementor-widget-text-editor\" data-id=\"35b0874\" data-element_type=\"widget\" data-e-type=\"widget\" data-widget_type=\"text-editor.default\">\n\t\t\t\t<div class=\"elementor-widget-container\">\n\t\t\t\t\t\t\t\t\t<p>Vi er et rekrutteringsbureau, der er specialiseret i at matche exceptionelle talenter ud fra\u00a0 virksomhedens \u00f8nsker og behov. Med et skarpt \u00f8je for det unikke og ekstraordin\u00e6re, arbejder Cavansi ih\u00e6rdigt p\u00e5 at identificere og tiltr\u00e6kke de bedste kandidater, der kan bidrage til at skabe v\u00e6kst og succes for jer.<\/p>\t\t\t\t\t\t\t\t<\/div>\n\t\t\t\t<\/div>\n\t\t\t\t<div class=\"elementor-element elementor-element-094f4d1 elementor-mobile-align-center elementor-widget elementor-widget-button\" data-id=\"094f4d1\" data-element_type=\"widget\" data-e-type=\"widget\" data-settings=\"{&quot;_animation_mobile&quot;:&quot;fadeInUp&quot;}\" data-widget_type=\"button.default\">\n\t\t\t\t<div class=\"elementor-widget-container\">\n\t\t\t\t\t\t\t\t\t<div class=\"elementor-button-wrapper\">\n\t\t\t\t\t<a class=\"elementor-button elementor-button-link elementor-size-xs\" href=\"#next\">\n\t\t\t\t\t\t<span class=\"elementor-button-content-wrapper\">\n\t\t\t\t\t\t\t\t\t<span class=\"elementor-button-text\">Oplev vores rekrutteringstjenester<\/span>\n\t\t\t\t\t<\/span>\n\t\t\t\t\t<\/a>\n\t\t\t\t<\/div>\n\t\t\t\t\t\t\t\t<\/div>\n\t\t\t\t<\/div>\n\t\t\t\t<\/div>\n\t\t<div class=\"elementor-element elementor-element-def22bc elementor-hidden-mobile e-con-full e-flex e-con e-parent\" data-id=\"def22bc\" data-element_type=\"container\" data-e-type=\"container\">\n\t\t\t\t<\/div>\n\t\t\t\t\t<\/div>\n\t\t\t\t<\/div>\n\t\t<div class=\"elementor-element elementor-element-517aaa9 elementor-hidden-mobile e-flex e-con-boxed e-con e-parent\" data-id=\"517aaa9\" data-element_type=\"container\" data-e-type=\"container\">\n\t\t\t\t\t<div class=\"e-con-inner\">\n\t\t<div class=\"elementor-element elementor-element-9e8f161 e-con-full e-flex e-con e-parent\" data-id=\"9e8f161\" data-element_type=\"container\" data-e-type=\"container\">\n\t\t\t\t<div class=\"elementor-element elementor-element-a81514c elementor-widget elementor-widget-ucaddon_animated_mouse_scroll_icon\" data-id=\"a81514c\" data-element_type=\"widget\" data-e-type=\"widget\" data-widget_type=\"ucaddon_animated_mouse_scroll_icon.default\">\n\t\t\t\t<div class=\"elementor-widget-container\">\n\t\t\t\t\t\n<!-- start Animated Mouse Scroll Icon -->\n<style>\/* widget: Animated Mouse Scroll Icon *\/\n\n.mousey {\n  border-style:solid;\n  box-sizing: border-box;\n  display:inline-block;\n  text-align:center;\n}\n.scroller {\n  border-radius: 50px;\n  animation-name: scroll;\n  animation-duration: 2.2s;\n  animation-timing-function: cubic-bezier(.15,.41,.69,.94);\n  animation-iteration-count: infinite;\n  display:inline-block;\n}\n@keyframes scroll {\n  0% { opacity: 0; }\n  10% { transform: translateY(0); opacity: 1; }\n  100% { transform: translateY(15px); opacity: 0;}\n}\n\n<\/style>\n\n<div class=\"scroll-downs\" style=\"text-align:center;\">\n  <a href=\"#n\u00e6ste\" >\t\n  <div class=\"mousey\">\n    <div class=\"scroller\"><\/div>\n  <\/div>\n  <\/a>\t\n<\/div>\n<!-- end Animated Mouse Scroll Icon -->\t\t\t\t<\/div>\n\t\t\t\t<\/div>\n\t\t\t\t<\/div>\n\t\t\t\t\t<\/div>\n\t\t\t\t<\/div>\n\t\t<div class=\"elementor-element elementor-element-b894bf3 e-flex e-con-boxed e-con e-parent\" data-id=\"b894bf3\" data-element_type=\"container\" data-e-type=\"container\" id=\"next\" data-settings=\"{&quot;background_background&quot;:&quot;gradient&quot;,&quot;shape_divider_bottom&quot;:&quot;tilt&quot;}\">\n\t\t\t\t\t<div class=\"e-con-inner\">\n\t\t\t\t<div class=\"elementor-shape elementor-shape-bottom\" aria-hidden=\"true\" data-negative=\"false\">\n\t\t\t<svg xmlns=\"http:\/\/www.w3.org\/2000\/svg\" viewBox=\"0 0 1000 100\" preserveAspectRatio=\"none\">\n\t<path class=\"elementor-shape-fill\" d=\"M0,6V0h1000v100L0,6z\"\/>\n<\/svg>\t\t<\/div>\n\t\t\t\t<div class=\"elementor-element elementor-element-9754db4 elementor-widget elementor-widget-spacer\" data-id=\"9754db4\" data-element_type=\"widget\" data-e-type=\"widget\" data-widget_type=\"spacer.default\">\n\t\t\t\t<div class=\"elementor-widget-container\">\n\t\t\t\t\t\t\t<div class=\"elementor-spacer\">\n\t\t\t<div class=\"elementor-spacer-inner\"><\/div>\n\t\t<\/div>\n\t\t\t\t\t\t<\/div>\n\t\t\t\t<\/div>\n\t\t\t\t<div class=\"elementor-element elementor-element-cade01c elementor-widget elementor-widget-heading\" data-id=\"cade01c\" data-element_type=\"widget\" data-e-type=\"widget\" data-widget_type=\"heading.default\">\n\t\t\t\t<div class=\"elementor-widget-container\">\n\t\t\t\t\t<h2 class=\"elementor-heading-title elementor-size-default\">S\u00e5dan arbejder vi <\/h2>\t\t\t\t<\/div>\n\t\t\t\t<\/div>\n\t\t\t\t<div class=\"elementor-element elementor-element-bd6cd9c elementor-widget elementor-widget-spacer\" data-id=\"bd6cd9c\" data-element_type=\"widget\" data-e-type=\"widget\" data-widget_type=\"spacer.default\">\n\t\t\t\t<div class=\"elementor-widget-container\">\n\t\t\t\t\t\t\t<div class=\"elementor-spacer\">\n\t\t\t<div class=\"elementor-spacer-inner\"><\/div>\n\t\t<\/div>\n\t\t\t\t\t\t<\/div>\n\t\t\t\t<\/div>\n\t\t<div class=\"elementor-element elementor-element-6e71133 e-con-full e-flex e-con e-parent\" data-id=\"6e71133\" data-element_type=\"container\" data-e-type=\"container\">\n\t\t\t\t<div class=\"elementor-element elementor-element-224b767 elementor-widget elementor-widget-text-editor\" data-id=\"224b767\" data-element_type=\"widget\" data-e-type=\"widget\" data-widget_type=\"text-editor.default\">\n\t\t\t\t<div class=\"elementor-widget-container\">\n\t\t\t\t\t\t\t\t\t<p><strong>Defin\u00e9r den rette profil:<\/strong><\/p><p>Det er s\u00e6rdeles vigtigt at have defineret, de n\u00f8dvendige kompetencer samt have klare og specifikke krav opstillet for den \u00f8nskede stilling. Dette vil hj\u00e6lpe med at tiltr\u00e6kke de rette kandidater og g\u00f8re udv\u00e6lgelsesprocessen effektiv.<\/p><p><strong>M\u00e5lret annonceringen:<\/strong><\/p><p>Ved at v\u00e6lge de rigtige rekrutteringskanaler og m\u00e5lrette annonceringen mod relevante m\u00e5lgrupper, \u00f8ges sandsynligheden for at tiltr\u00e6kke kompetente og kvalificerede kandidater.<\/p><p><strong>Brug af teknologi:<\/strong><\/p><p>Udover vores interne menneskelige kompetencer benytter vi os ogs\u00e5 af vores automatiserede ans\u00f8gningsprocesser, algoritmer og agile v\u00e6rkt\u00f8jer for at screene og evaluere kandidater hurtigt og effektivt.<\/p>\t\t\t\t\t\t\t\t<\/div>\n\t\t\t\t<\/div>\n\t\t\t\t<\/div>\n\t\t\t\t\t<\/div>\n\t\t\t\t<\/div>\n\t\t<div class=\"elementor-element elementor-element-9a20b6b e-flex e-con-boxed e-con e-parent\" data-id=\"9a20b6b\" data-element_type=\"container\" data-e-type=\"container\" data-settings=\"{&quot;background_background&quot;:&quot;gradient&quot;}\">\n\t\t\t\t\t<div class=\"e-con-inner\">\n\t\t\t\t<div class=\"elementor-element elementor-element-faaa194 elementor-widget elementor-widget-spacer\" data-id=\"faaa194\" data-element_type=\"widget\" data-e-type=\"widget\" data-widget_type=\"spacer.default\">\n\t\t\t\t<div class=\"elementor-widget-container\">\n\t\t\t\t\t\t\t<div class=\"elementor-spacer\">\n\t\t\t<div class=\"elementor-spacer-inner\"><\/div>\n\t\t<\/div>\n\t\t\t\t\t\t<\/div>\n\t\t\t\t<\/div>\n\t\t\t\t<div class=\"elementor-element elementor-element-0540d0c elementor-widget elementor-widget-heading\" data-id=\"0540d0c\" data-element_type=\"widget\" data-e-type=\"widget\" data-widget_type=\"heading.default\">\n\t\t\t\t<div class=\"elementor-widget-container\">\n\t\t\t\t\t<h2 class=\"elementor-heading-title elementor-size-default\">M\u00e5let er at finde den rette kandidat nemt og effektivt<\/h2>\t\t\t\t<\/div>\n\t\t\t\t<\/div>\n\t\t\t\t<div class=\"elementor-element elementor-element-44b9137 elementor-widget elementor-widget-spacer\" data-id=\"44b9137\" data-element_type=\"widget\" data-e-type=\"widget\" data-widget_type=\"spacer.default\">\n\t\t\t\t<div class=\"elementor-widget-container\">\n\t\t\t\t\t\t\t<div class=\"elementor-spacer\">\n\t\t\t<div class=\"elementor-spacer-inner\"><\/div>\n\t\t<\/div>\n\t\t\t\t\t\t<\/div>\n\t\t\t\t<\/div>\n\t\t<div class=\"elementor-element elementor-element-e189bf4 e-con-full e-flex e-con e-parent\" data-id=\"e189bf4\" data-element_type=\"container\" data-e-type=\"container\">\n\t\t\t\t<div class=\"elementor-element elementor-element-5f1955f elementor-widget elementor-widget-text-editor\" data-id=\"5f1955f\" data-element_type=\"widget\" data-e-type=\"widget\" data-widget_type=\"text-editor.default\">\n\t\t\t\t<div class=\"elementor-widget-container\">\n\t\t\t\t\t\t\t\t\t<ul><li>Vi gennemf\u00f8rer en grundig behovsanalyse for at definere de \u00f8nskede kvalifikationer, erfaringer, f\u00e6rdigheder og personlige egenskaber hos jeres ideelle kandidat.<\/li><li>Vi udarbejder en pr\u00e6cis jobbeskrivelse og annoncerer stillingen p\u00e5 relevante platforme for at tiltr\u00e6kke opm\u00e6rksomhed fra talentfulde ans\u00f8gere.<\/li><li>Vi bruger forskellige sourcing- og screeningsmetoder.<\/li><li>Vi gennemf\u00f8rer grundige interviews og evaluerer kandidaternes svar og pr\u00e6stationer for at f\u00e5 dybere indsigt i deres f\u00e6rdigheder og personlighed.<\/li><li>Vi udf\u00f8rer omfattende reference- og baggrundstjek for at validere kandidaternes uddannelsesm\u00e6ssige og professionelle baggrund.<\/li><li>Vi faciliterer forhandlingen af l\u00f8n- og ans\u00e6ttelsesvilk\u00e5r mellem jer som virksomhed og den udvalgte kandidat.<\/li><li>Vores m\u00e5l er at sikre, at I ans\u00e6tter de bedste talenter, som opfylder jeres \u00f8nsker og behov samt passer perfekt ind I jeres virksomhedskultur og fremadrettet bidrager aktivt til jeres fortsatte succes.<\/li><\/ul>\t\t\t\t\t\t\t\t<\/div>\n\t\t\t\t<\/div>\n\t\t\t\t<\/div>\n\t\t\t\t\t<\/div>\n\t\t\t\t<\/div>\n\t\t\t\t<\/div>\n\t\t","protected":false},"excerpt":{"rendered":"<p>Vi er et rekrutteringsbureau, der er specialiseret i at matche exceptionelle talenter ud fra\u00a0 virksomhedens \u00f8nsker og behov. Med et skarpt \u00f8je for det unikke og ekstraordin\u00e6re, arbejder Cavansi ih\u00e6rdigt p\u00e5 at identificere og tiltr\u00e6kke de bedste kandidater, der kan bidrage til at skabe v\u00e6kst og succes for jer. Oplev vores rekrutteringstjenester S\u00e5dan arbejder vi [&hellip;]<\/p>\n","protected":false},"author":2,"featured_media":0,"parent":0,"menu_order":0,"comment_status":"closed","ping_status":"closed","template":"","meta":{"_acf_changed":false,"footnotes":""},"class_list":["post-2005","page","type-page","status-publish","hentry"],"acf":[],"_links":{"self":[{"href":"https:\/\/cavansi.com\/da\/wp-json\/wp\/v2\/pages\/2005","targetHints":{"allow":["GET"]}}],"collection":[{"href":"https:\/\/cavansi.com\/da\/wp-json\/wp\/v2\/pages"}],"about":[{"href":"https:\/\/cavansi.com\/da\/wp-json\/wp\/v2\/types\/page"}],"author":[{"embeddable":true,"href":"https:\/\/cavansi.com\/da\/wp-json\/wp\/v2\/users\/2"}],"replies":[{"embeddable":true,"href":"https:\/\/cavansi.com\/da\/wp-json\/wp\/v2\/comments?post=2005"}],"version-history":[{"count":23,"href":"https:\/\/cavansi.com\/da\/wp-json\/wp\/v2\/pages\/2005\/revisions"}],"predecessor-version":[{"id":2508,"href":"https:\/\/cavansi.com\/da\/wp-json\/wp\/v2\/pages\/2005\/revisions\/2508"}],"wp:attachment":[{"href":"https:\/\/cavansi.com\/da\/wp-json\/wp\/v2\/media?parent=2005"}],"curies":[{"name":"wp","href":"https:\/\/api.w.org\/{rel}","templated":true}]}}